{"id":1289,"date":"2021-03-29T16:10:31","date_gmt":"2021-03-29T16:10:31","guid":{"rendered":"https:\/\/up-vision.eu\/?page_id=1289"},"modified":"2021-03-30T09:06:07","modified_gmt":"2021-03-30T09:06:07","slug":"pro-vision","status":"publish","type":"page","link":"https:\/\/up-vision.eu\/gb\/pro-vision\/","title":{"rendered":"pro.vision"},"content":{"rendered":"\n<section id=\"section-b22e7a96-00b8-43a6-ba82-f442acd13de6\" class=\"wp-block-gutentor-image-box gutentor-section gutentor-image-wrapper imagebox-template1\"><div class=\"grid-container\"><div class=\"grid-row gutentor-grid-item-wrap\"><div class=\"gutentor-grid-column grid-lg-12 grid-md-4 grid-12\"><div class=\"gutentor-single-item gutentor-image gutentor-single-item-0\"><div class=\"gutentor-single-item-wrap\"><div class=\"gutentor-single-item-image-box\"><div class=\"gutentor-image-thumb\"><img decoding=\"async\" class=\"normal-image\" src=\"https:\/\/up-vision.eu\/wp-content\/uploads\/2021\/03\/PVVG_Color.png\" alt=\"\"\/><\/div><\/div><div class=\"gutentor-single-item-content\"><p class=\"gutentor-single-item-desc\">Hygiene und Medizin<\/p><\/div><\/div><\/div><\/div><\/div><\/div><\/section>\n\n\n<hr>\n\n\n<div class=\"wp-block-columns is-layout-flex wp-container-core-columns-layout-1 wp-block-columns-is-layout-flex\">\n<div class=\"wp-block-column is-layout-flow wp-block-column-is-layout-flow\">\n<h3>UpVision und pro.vision &#8211; Hintergrund<\/h3>\n<p>\u00a0<\/p>\n<p>Mit unserem Partner pro.vision, bieten wir Produkte an, die uns helfen die aktuelle Pandemie zu meistern.<\/p>\n<p>Von der FFP2 Maske \u00fcber CORONA-Schnelltests bis hin zum kompletten Hygienekonzept f\u00fcr Ihre Veranstaltung inklusive 3D-Durchgangs-Desinfektion, ist fast alles m\u00f6glich. Durch die Kooperation mit pro.vision erweitern wir unser Angebot in folgenden Bereichen:<\/p>\n<p class=\"Default\"><strong>Medizinische Verbrauchsstoffe:<\/strong><\/p>\n<ul>\n<li class=\"Default\"><span style=\"font-size: 11.5pt; color: windowtext;\">COVID-19 Antigen-&amp; Antik\u00f6rper Schnelltest<\/span><\/li>\n<li class=\"Default\"><span style=\"font-size: 11.5pt; color: windowtext;\">Masken (FFP2\/ FFP3\/ medizinische Masken<\/span><\/li>\n<li class=\"Default\"><span style=\"font-size: 11.5pt; color: windowtext;\">pH-neutrale BIO HALAL Desinfektionsmittel<\/span><\/li>\n<li class=\"Default\"><span style=\"font-size: 11.5pt; color: windowtext;\">Nitril \u2013und Vinyl-Handschuh<\/span><span style=\"font-size: 11.5pt; color: windowtext;\">e<\/span><\/li>\n<\/ul>\n<p><strong style=\"font-size: inherit;\">Innovative <\/strong><strong style=\"font-size: inherit;\">Oberfl\u00e4chenr<\/strong><strong style=\"font-size: inherit;\">einigung:<\/strong><\/p>\n<ul>\n<li class=\"Default\"><span style=\"font-size: 11.5pt; color: windowtext;\">3D-Durchgangs-Desinfektion<\/span><\/li>\n<li>3D-Oberfl\u00e4chenreinigung<\/li>\n<li>Kontaktlose H\u00e4ndedesinfektion<\/li>\n<li><span style=\"font-size: 11.5pt; color: windowtext;\">UV-C Desinfektionsbox mobil &amp; station\u00e4r<\/span><\/li>\n<\/ul>\n<p><strong>Innovative <\/strong><strong>Raumluftreinigung:<\/strong><\/p>\n<ul>\n<li>Luftreinigung mittels UV-C Bestrahlung<\/li>\n<li>Luftreinigung mittels H13-HEPA-Filter<\/li>\n<li>Luftreinigung mittels Ionisation<\/li>\n<li>Luftreinigung mittels H14-HEPA-Filter<\/li>\n<\/ul>\n<p class=\"Default\"><b>Dienstleistungen:<\/b><\/p>\n<ul>\n<li class=\"Default\"><span style=\"font-size: 11.5pt; color: windowtext;\">360\u00b0Hygienekonzepte, Planung -Durchf\u00fchrung<\/span><\/li>\n<li>Fl\u00e4chendeckendes W-LAN\u00a0<\/li>\n<\/ul>\n\n\n\n<div id=\"section-ge75803\" class=\"wp-block-gutentor-e2 section-ge75803 gutentor-element gutentor-element-button\"><span class=\"gutentor-button-wrap\"><a class=\"gutentor-button gutentor-block-button gutentor-icon-hide\" href=\"https:\/\/up-vision.eu\/kontakt\/\" rel=\"noopener nofollow\"><i class=\"gutentor-button-icon fas fa-book\"><\/i><span><strong>Anfrage<\/strong><\/span><\/a><\/span><\/div>\n\n\n\n<p><\/p>\n<\/div>\n\n\n\n<div class=\"wp-block-column is-layout-flow wp-block-column-is-layout-flow\">\n<section id=\"section-656d8aca-2e33-4b43-9bd7-665e54a5ae89\" class=\"wp-block-gutentor-image-box gutentor-section gutentor-image-wrapper imagebox-template1\"><div class=\"grid-container\"><div class=\"grid-row gutentor-grid-item-wrap\"><div class=\"gutentor-grid-column grid-lg-12 grid-md-4 grid-12\"><div class=\"gutentor-single-item gutentor-image gutentor-single-item-0\"><div class=\"gutentor-single-item-wrap\"><div class=\"gutentor-single-item-image-box\"><div class=\"gutentor-image-thumb\"><img decoding=\"async\" class=\"normal-image\" src=\"https:\/\/up-vision.eu\/wp-content\/uploads\/2021\/03\/PVSales_Overview.png\" alt=\"\"\/><\/div><\/div><div class=\"gutentor-single-item-content\"><p class=\"gutentor-single-item-desc\">Machen Sie ihr Arbeitsumfeld sicherer!<\/p><\/div><\/div><\/div><\/div><\/div><\/div><\/section>\n\n\n\n<p>Schicken Sie Ihre Anfrage bitte an <a href=\"mailto:sebastian.muenzinger@pv-sales.com\">sebastian.muenzinger@pv-sales.com<\/a> oder verwenden Sie einfach den Button auf der Linken Seite.<\/p>\n\n\n\n<p><\/p>\n<\/div>\n<\/div>\n\n\n\n<p><\/p>\n","protected":false},"excerpt":{"rendered":"<p>UpVision und pro.vision &#8211; Hintergrund \u00a0 Mit unserem Partner pro.vision, bieten wir Produkte an, die uns helfen die aktuelle Pandemie zu meistern. Von der FFP2 Maske \u00fcber CORONA-Schnelltests bis hin zum kompletten Hygienekonzept f\u00fcr Ihre Veranstaltung inklusive 3D-Durchgangs-Desinfektion, ist fast alles m\u00f6glich. Durch die Kooperation mit pro.vision erweitern wir unser Angebot in folgenden Bereichen: Medizinische Verbrauchsstoffe: COVID-19 Antigen-&amp; Antik\u00f6rper Schnelltest Masken (FFP2\/ FFP3\/ medizinische Masken pH-neutrale BIO HALAL Desinfektionsmittel Nitril&hellip;<\/p>\n","protected":false},"author":1,"featured_media":0,"parent":0,"menu_order":0,"comment_status":"closed","ping_status":"closed","template":"","meta":{"footnotes":""},"translation":{"provider":"WPGlobus","version":"2.12.2","language":"gb","enabled_languages":["de","gb"],"languages":{"de":{"title":true,"content":true,"excerpt":false},"gb":{"title":false,"content":false,"excerpt":false}}},"_links":{"self":[{"href":"https:\/\/up-vision.eu\/gb\/wp-json\/wp\/v2\/pages\/1289"}],"collection":[{"href":"https:\/\/up-vision.eu\/gb\/wp-json\/wp\/v2\/pages"}],"about":[{"href":"https:\/\/up-vision.eu\/gb\/wp-json\/wp\/v2\/types\/page"}],"author":[{"embeddable":true,"href":"https:\/\/up-vision.eu\/gb\/wp-json\/wp\/v2\/users\/1"}],"replies":[{"embeddable":true,"href":"https:\/\/up-vision.eu\/gb\/wp-json\/wp\/v2\/comments?post=1289"}],"version-history":[{"count":11,"href":"https:\/\/up-vision.eu\/gb\/wp-json\/wp\/v2\/pages\/1289\/revisions"}],"predecessor-version":[{"id":1308,"href":"https:\/\/up-vision.eu\/gb\/wp-json\/wp\/v2\/pages\/1289\/revisions\/1308"}],"wp:attachment":[{"href":"https:\/\/up-vision.eu\/gb\/wp-json\/wp\/v2\/media?parent=1289"}],"curies":[{"name":"wp","href":"https:\/\/api.w.org\/{rel}","templated":true}]}}