{"id":1555,"date":"2021-05-06T16:39:27","date_gmt":"2021-05-06T16:39:27","guid":{"rendered":"https:\/\/up-vision.eu\/?page_id=1555"},"modified":"2022-06-20T13:52:25","modified_gmt":"2022-06-20T13:52:25","slug":"edis-av","status":"publish","type":"page","link":"https:\/\/up-vision.eu\/gb\/edis-av\/","title":{"rendered":"EDIS AV"},"content":{"rendered":"\n<div class=\"wp-block-columns is-layout-flex wp-container-core-columns-layout-1 wp-block-columns-is-layout-flex\">\n<div class=\"wp-block-column is-layout-flow wp-block-column-is-layout-flow\" style=\"flex-basis:25%\"><\/div>\n\n\n\n<div class=\"wp-block-column is-layout-flow wp-block-column-is-layout-flow\" style=\"flex-basis:50%\">\n<div id=\"section-g7436bc\" class=\"wp-block-gutentor-e6 section-g7436bc gutentor-element gutentor-element-image text-align-center-desktop\"><div class=\"gutentor-element-image-box\"><div class=\"gutentor-image-thumb\"><img decoding=\"async\" class=\"normal-image\" src=\"https:\/\/up-vision.eu\/wp-content\/uploads\/2021\/05\/Edis-Logo-300-Quality-without-backgroup-Blue-300x114.jpg\"\/><\/div><\/div><\/div>\n<\/div>\n\n\n\n<div class=\"wp-block-column is-layout-flow wp-block-column-is-layout-flow\" style=\"flex-basis:25%\"><\/div>\n<\/div>\n\n\n\n<div class=\"wp-block-columns is-layout-flex wp-container-core-columns-layout-2 wp-block-columns-is-layout-flex\">\n<div class=\"wp-block-column is-layout-flow wp-block-column-is-layout-flow\">\n<div id=\"section-gdcb183\" class=\"wp-block-gutentor-e6 section-gdcb183 gutentor-element gutentor-element-image g-pos-r-desktop g-pos-d-tablet g-pos-d-mobile g-pos-custom-desktop\"><div class=\"gutentor-element-image-box\"><div class=\"gutentor-image-thumb\"><img decoding=\"async\" class=\"normal-image\" src=\"https:\/\/up-vision.eu\/wp-content\/uploads\/2021\/05\/video-collaboration_banner.jpg\"\/><\/div><\/div><\/div>\n<\/div>\n\n\n\n<div class=\"wp-block-column is-layout-flow wp-block-column-is-layout-flow\">\n<h3 style=\"text-align: center;\">\u00dcber EDIS<\/h3>\n<p>Edis Audio Visual kreiert, entwirft, produziert und exportiert audiovisuelle Produkte, die \u00fcber Distributoren in der ganzen Welt verkauft werden.<\/p>\n<p>EDIS AV hat sich auf die Entwicklung von audiovisuellen Produkten insbesondere f\u00fcr den Unterricht in Schulen, Hochschulen und Universit\u00e4ten sowie f\u00fcr Unternehmen und andere Anwender spezialisiert. Seit dem Ausbruch von Covid liegt der Fokus auf der Bereitstellung von Produkten f\u00fcr das Arbeiten von zu Hause aus, Live-Streaming und Systemen in Broadcast-Qualit\u00e4t. Wir produzieren in China und liefern an unsere Vertriebspartner in Europa, Afrika, dem Nahen Osten, Australien und anderen Orten auf der ganzen Welt.&nbsp;<\/p>\n<p>Wir liefern audiovisuelle Produkte direkt per Luftfracht oder in Containerladungen an Importeure, die \u00fcber andere Distributoren, Wiederverk\u00e4ufer und Installateure an Endverbraucher in der ganzen Welt verkaufen. In Deutschland werden wir von UpVision vertreten.<\/p>\n<p>EdisAV ist eine in Hongkong registrierte Firma mit B\u00fcros in Guangzhou und Zhanjiang auf dem chinesischen Festland. Eine weitere Firma, Edis AV Ltd. in Gro\u00dfbritannien, bietet europ\u00e4ischen Import, Verkauf und technischen Support in der N\u00e4he von Chester in Cheshire.<\/p>\n<\/div>\n<\/div>\n\n\n\n<div class=\"wp-block-columns is-layout-flex wp-container-core-columns-layout-4 wp-block-columns-is-layout-flex\">\n<div class=\"wp-block-column is-layout-flow wp-block-column-is-layout-flow\">\n<p><\/p>\n<p><strong>P<\/strong>TZ Kameras von EDIS, bieten professionelle Qualit\u00e4t zu unschlagbaren Preisen!<\/p>\n<p>4K, HDMI, SDI (3G\/6G), NDI, USB und sogar HDBaseT &#8211; Sie k\u00f6nnen diese Kameras bei jeder Installation unterbringen.<\/p>\n<p><\/p>\n\n\n\n<div id=\"section-g740a3e\" class=\"wp-block-gutentor-e2 section-g740a3e gutentor-element gutentor-element-button\"><span class=\"gutentor-button-wrap\"><a class=\"gutentor-button gutentor-block-button gutentor-icon-hide\" href=\"https:\/\/up-vision.eu\/kontakt\/\"><i class=\"gutentor-button-icon fas fa-book\"><\/i><span>Anfrage<\/span><\/a><\/span><\/div>\n<\/div>\n\n\n\n<div class=\"wp-block-column is-layout-flow wp-block-column-is-layout-flow\">\n<div class=\"wp-block-columns is-layout-flex wp-container-core-columns-layout-3 wp-block-columns-is-layout-flex\">\n<div class=\"wp-block-column is-layout-flow wp-block-column-is-layout-flow\">\n<div id=\"section-g1dd8cf\" class=\"wp-block-gutentor-e6 section-g1dd8cf gutentor-element gutentor-element-image\"><div class=\"gutentor-element-image-box\"><div class=\"gutentor-image-thumb\"><img decoding=\"async\" class=\"normal-image\" src=\"https:\/\/up-vision.eu\/wp-content\/uploads\/2021\/05\/EC32-4K-02.jpg\"\/><\/div><\/div><\/div>\n<\/div>\n\n\n\n<div class=\"wp-block-column is-layout-flow wp-block-column-is-layout-flow\">\n<div id=\"section-gd39a2d\" class=\"wp-block-gutentor-e6 section-gd39a2d gutentor-element gutentor-element-image\"><div class=\"gutentor-element-image-box\"><div class=\"gutentor-image-thumb\"><img decoding=\"async\" class=\"normal-image\" src=\"https:\/\/up-vision.eu\/wp-content\/uploads\/2021\/05\/EC32-4K-01.jpg\"\/><\/div><\/div><\/div>\n<\/div>\n<\/div>\n<\/div>\n<\/div>\n\n\n\n<div class=\"wp-block-columns is-layout-flex wp-container-core-columns-layout-5 wp-block-columns-is-layout-flex\">\n<div class=\"wp-block-column is-layout-flow wp-block-column-is-layout-flow\">\n<p><strong>E<\/strong>DIS bietet auch eine Vielzahl von Produkten, die im Gesundheitswesen zum Einsatz kommen. Dazu geh\u00f6ren verschiedenste Messger\u00e4t f\u00fcr die Luftqualit\u00e4t, K\u00f6rpertemperatur und Desinfektionssysteme. Wir m\u00f6chten Ihnen an dieser Stelle ein Ger\u00e4t vorstellen, mit dem Sie Ihren Eingangs- bzw. Empfangsbereich sicherer machen und dabei Arbeitszeit sparen. Der Face Recognition and Body Temperature Monitor von EDIS misst voll automatisch die K\u00f6rpertemperatur ihrer Besucher:innen, Bewohner:innen und Mitarbeiter:innen.&nbsp;<\/p>\n<p><strong>E<\/strong>s stehen verschiedene Halterungen zur Auswahl. Von der Wandmontage bis hin zum Standfu\u00df mit integriertem Desinfektionsspender k\u00f6nnen wir Ihnen alles liefern. Mit dem optionalen Kartenleser bieten sich zus\u00e4tzliche Einsatzm\u00f6glichkeiten im Bereich der Zutrittskontrolle.<\/p>\n<p><strong>V<\/strong>orbei sind die Zeiten, in denen ein(e) Mitarbeiter:in viel Zeit beim Fiebermessen im Eingangsbereich verbringen muss. Weitere Details finden Sie im Datenblatt. F\u00fcr weitere Informationen oder eine Anfrage, verwenden Sie bitte unser <a href=\"http:\/\/www.up-vision.eu\/kontakt\">Kontaktformular<\/a>.<\/p>\n\n\n\n<div id=\"section-g999f66\" class=\"wp-block-gutentor-e2 section-g999f66 gutentor-element gutentor-element-button\"><span class=\"gutentor-button-wrap\"><a class=\"gutentor-button gutentor-block-button gutentor-icon-hide\" href=\"https:\/\/up-vision.eu\/wp-content\/uploads\/2022\/02\/Face-Recognition-Temperature-Monitor-Datasheet-.pdf\" target=\"_blank\" rel=\"noopener noreferrer\"><i class=\"gutentor-button-icon fas fa-book\"><\/i><span>Datenblatt<\/span><\/a><\/span><\/div>\n<\/div>\n\n\n\n<div class=\"wp-block-column is-layout-flow wp-block-column-is-layout-flow\">\n<div id=\"section-gbeb8f1\" class=\"wp-block-gutentor-e6 section-gbeb8f1 gutentor-element gutentor-element-image\"><div class=\"gutentor-element-image-box\"><div class=\"gutentor-image-thumb\"><img decoding=\"async\" class=\"normal-image\" src=\"https:\/\/up-vision.eu\/wp-content\/uploads\/2022\/02\/Face_Recognition_Temperature_Monitor010.jpg\"\/><\/div><\/div><\/div>\n<\/div>\n<\/div>\n\n\n\n<div class=\"wp-block-columns is-layout-flex wp-container-core-columns-layout-6 wp-block-columns-is-layout-flex\">\n<div class=\"wp-block-column is-layout-flow wp-block-column-is-layout-flow\">\n<div id=\"section-g13bf9f\" class=\"wp-block-gutentor-e6 section-g13bf9f gutentor-element gutentor-element-image\"><div class=\"gutentor-element-image-box\"><div class=\"gutentor-image-thumb\"><img decoding=\"async\" class=\"normal-image\" src=\"https:\/\/up-vision.eu\/wp-content\/uploads\/2022\/02\/touch-screen10.jpg\"\/><\/div><\/div><\/div>\n<\/div>\n\n\n\n<div class=\"wp-block-column is-layout-flow wp-block-column-is-layout-flow\">\n<h2>Technik f\u00fcr Konferenzr\u00e4ume und den Bildungsbereich<\/h2>\n<p>Die 4K-Touch Screen sind von 55&#8243; &#8211; 98&#8243; erh\u00e4ltlich und werden haupts\u00e4chlich in Klassenzimmern und Konferenzr\u00e4umen eingesetzt.&nbsp;<\/p>\n<p>dieser Bereich wird gerade neu gestaltet!<\/p>\n<\/div>\n<\/div>\n\n\n\n<div class=\"wp-block-columns is-layout-flex wp-container-core-columns-layout-7 wp-block-columns-is-layout-flex\">\n<div class=\"wp-block-column is-layout-flow wp-block-column-is-layout-flow\">\n<h2><a id=\"EC175\"><\/a>Klein aber Fein&#8230;<\/h2>\n<p>Die EC175 von EDIS ist die ideale L\u00f6sung f\u00fcr den Einsatz im Home Office oder f\u00fcr kleine Videokonferenzen. Die eingebaute KI sorgt daf\u00fcr, dass sich der Bildauschnitt automatisch anpasst, sobald eine weiter Person im Bild erscheint. Sie k\u00f6nnen die EC175 ganz einfach per Gestensteuerung bedienen und so entscheiden, wie die Kamera reagiert. Im Video wird gezeigt, wie einfach die Handhabung ist.&nbsp;<\/p>\n<p>&nbsp;<\/p>\n<p>Dieser Bereich wird gerade noch \u00fcberarbeitet!&nbsp;<\/p>\n<\/div>\n\n\n\n<div class=\"wp-block-column is-layout-flow wp-block-column-is-layout-flow\">\n<figure class=\"wp-block-video\"><video controls src=\"https:\/\/up-vision.eu\/wp-content\/uploads\/2022\/05\/EC175.mp4\"><\/video><\/figure>\n<\/div>\n<\/div>\n\n\n\n<p><\/p>\n","protected":false},"excerpt":{"rendered":"<p>\u00dcber EDIS Edis Audio Visual kreiert, entwirft, produziert und exportiert audiovisuelle Produkte, die \u00fcber Distributoren in der ganzen Welt verkauft werden. EDIS AV hat sich auf die Entwicklung von audiovisuellen Produkten insbesondere f\u00fcr den Unterricht in Schulen, Hochschulen und Universit\u00e4ten sowie f\u00fcr Unternehmen und andere Anwender spezialisiert. Seit dem Ausbruch von Covid liegt der Fokus auf der Bereitstellung von Produkten f\u00fcr das Arbeiten von zu Hause aus, Live-Streaming und Systemen&hellip;<\/p>\n","protected":false},"author":1,"featured_media":0,"parent":0,"menu_order":0,"comment_status":"closed","ping_status":"closed","template":"","meta":{"footnotes":""},"translation":{"provider":"WPGlobus","version":"2.12.2","language":"gb","enabled_languages":["de","gb"],"languages":{"de":{"title":true,"content":true,"excerpt":false},"gb":{"title":false,"content":false,"excerpt":false}}},"_links":{"self":[{"href":"https:\/\/up-vision.eu\/gb\/wp-json\/wp\/v2\/pages\/1555"}],"collection":[{"href":"https:\/\/up-vision.eu\/gb\/wp-json\/wp\/v2\/pages"}],"about":[{"href":"https:\/\/up-vision.eu\/gb\/wp-json\/wp\/v2\/types\/page"}],"author":[{"embeddable":true,"href":"https:\/\/up-vision.eu\/gb\/wp-json\/wp\/v2\/users\/1"}],"replies":[{"embeddable":true,"href":"https:\/\/up-vision.eu\/gb\/wp-json\/wp\/v2\/comments?post=1555"}],"version-history":[{"count":19,"href":"https:\/\/up-vision.eu\/gb\/wp-json\/wp\/v2\/pages\/1555\/revisions"}],"predecessor-version":[{"id":2467,"href":"https:\/\/up-vision.eu\/gb\/wp-json\/wp\/v2\/pages\/1555\/revisions\/2467"}],"wp:attachment":[{"href":"https:\/\/up-vision.eu\/gb\/wp-json\/wp\/v2\/media?parent=1555"}],"curies":[{"name":"wp","href":"https:\/\/api.w.org\/{rel}","templated":true}]}}