{"id":2446,"date":"2022-04-06T13:49:31","date_gmt":"2022-04-06T13:49:31","guid":{"rendered":"https:\/\/up-vision.eu\/?page_id=2446"},"modified":"2022-04-06T14:55:05","modified_gmt":"2022-04-06T14:55:05","slug":"mon-lumi","status":"publish","type":"page","link":"https:\/\/up-vision.eu\/gb\/mon-lumi\/","title":{"rendered":"Mon Lumi"},"content":{"rendered":"<hr>\n\n\n<div class=\"wp-block-columns is-layout-flex wp-container-core-columns-layout-1 wp-block-columns-is-layout-flex\">\n<div class=\"wp-block-column is-layout-flow wp-block-column-is-layout-flow\" style=\"flex-basis:25%\">\n<div id=\"section-g439365\" class=\"wp-block-gutentor-e6 section-g439365 gutentor-element gutentor-element-image text-align-left-desktop\"><div class=\"gutentor-element-image-box\"><div class=\"gutentor-image-thumb\"><img decoding=\"async\" class=\"normal-image\" src=\"https:\/\/up-vision.eu\/wp-content\/uploads\/2022\/04\/ap_2022_bannergenerator_160x600px_rgb_72dpi.png\"\/><\/div><\/div><\/div>\n<\/div>\n\n\n\n<div class=\"wp-block-column is-layout-flow wp-block-column-is-layout-flow\" style=\"flex-basis:50%\">\n<h2 style=\"text-align: center;\">Was ist Mon LUMI \u2122 ?<\/h2>\n<p>\u200d<\/p>\n<p>Mon LUMI \u2122 ist ein neues &#8220;All-in-One&#8221;-Konzept von interaktiven Mapping-Lampen, das durch IA, Computer Vision, KI und fortschrittlichen Projektionstechnologien eine komplettes interaktives (oder auch nicht) Video-Mapping auf Tischen, B\u00f6den oder sogar W\u00e4nden bietet .<\/p>\n<p style=\"text-align: center;\">Diese sehr leistungsf\u00e4hige L\u00f6sung\u00a0 dient zur Kommunikation, Information, Unterhaltung oder einfach nur Dekoration der \u00f6ffentlichen Geb\u00e4uden.<\/p>\n<p>\u00a0<\/p>\n<h2 style=\"text-align: center;\">Applikationen<\/h2>\n<p>\u200dEine breite Produktpalette richtet sich an eine Vielzahl von Bereichen wie Hotels, Restaurants, L\u00e4den und Malls, Kinderbereichen, Altenpflege, \u00c4rzteh\u00e4usern bis hin zu Architektur, Baustellen oder Industriebereichen.<\/p>\n<p style=\"text-align: center;\">\u200d<\/p>\n<\/div>\n\n\n\n<div class=\"wp-block-column is-layout-flow wp-block-column-is-layout-flow\" style=\"flex-basis:25%\">\n<div id=\"section-gfa7c7b\" class=\"wp-block-gutentor-e6 section-gfa7c7b gutentor-element gutentor-element-image text-align-right-desktop\"><div class=\"gutentor-element-image-box\"><div class=\"gutentor-image-thumb\"><img decoding=\"async\" class=\"normal-image\" src=\"https:\/\/up-vision.eu\/wp-content\/uploads\/2022\/04\/ap_2022_bannergenerator_160x600px_rgb_72dpi.png\"\/><\/div><\/div><\/div>\n<\/div>\n<\/div>\n\n\n\n<figure class=\"wp-block-embed is-type-video is-provider-youtube wp-block-embed-youtube wp-embed-aspect-16-9 wp-has-aspect-ratio\"><div class=\"wp-block-embed__wrapper\">\n<div class=\"epyt-video-wrapper\"><iframe loading=\"lazy\"  style=\"display: block; margin: 0px auto;\"  id=\"_ytid_14623\"  width=\"640\" height=\"360\"  data-origwidth=\"640\" data-origheight=\"360\"  data-relstop=\"1\" src=\"https:\/\/www.youtube-nocookie.com\/embed\/bzo0wHyan9k?enablejsapi=1&#038;origin=https:\/\/up-vision.eu&#038;autoplay=0&#038;cc_load_policy=0&#038;cc_lang_pref=&#038;iv_load_policy=1&#038;loop=0&#038;modestbranding=1&#038;rel=0&#038;fs=1&#038;playsinline=0&#038;autohide=2&#038;hl=en_GB&#038;theme=dark&#038;color=red&#038;controls=1&#038;\" class=\"__youtube_prefs__  epyt-is-override  no-lazyload\" title=\"YouTube player\"  allow=\"fullscreen; accelerometer; autoplay; clipboard-write; encrypted-media; gyroscope; picture-in-picture\" allowfullscreen data-no-lazy=\"1\" data-skipgform_ajax_framebjll=\"\"><\/iframe><\/div>\n<\/div><\/figure>\n\n\n\n<p><\/p>\n","protected":false},"excerpt":{"rendered":"<p>Was ist Mon LUMI \u2122 ? \u200d Mon LUMI \u2122 ist ein neues &#8220;All-in-One&#8221;-Konzept von interaktiven Mapping-Lampen, das durch IA, Computer Vision, KI und fortschrittlichen Projektionstechnologien eine komplettes interaktives (oder auch nicht) Video-Mapping auf Tischen, B\u00f6den oder sogar W\u00e4nden bietet . Diese sehr leistungsf\u00e4hige L\u00f6sung\u00a0 dient zur Kommunikation, Information, Unterhaltung oder einfach nur Dekoration der \u00f6ffentlichen Geb\u00e4uden. \u00a0 Applikationen \u200dEine breite Produktpalette richtet sich an eine Vielzahl von Bereichen wie&hellip;<\/p>\n","protected":false},"author":1,"featured_media":0,"parent":0,"menu_order":0,"comment_status":"closed","ping_status":"closed","template":"","meta":{"footnotes":""},"translation":{"provider":"WPGlobus","version":"2.12.2","language":"gb","enabled_languages":["de","gb"],"languages":{"de":{"title":true,"content":true,"excerpt":false},"gb":{"title":false,"content":false,"excerpt":false}}},"_links":{"self":[{"href":"https:\/\/up-vision.eu\/gb\/wp-json\/wp\/v2\/pages\/2446"}],"collection":[{"href":"https:\/\/up-vision.eu\/gb\/wp-json\/wp\/v2\/pages"}],"about":[{"href":"https:\/\/up-vision.eu\/gb\/wp-json\/wp\/v2\/types\/page"}],"author":[{"embeddable":true,"href":"https:\/\/up-vision.eu\/gb\/wp-json\/wp\/v2\/users\/1"}],"replies":[{"embeddable":true,"href":"https:\/\/up-vision.eu\/gb\/wp-json\/wp\/v2\/comments?post=2446"}],"version-history":[{"count":2,"href":"https:\/\/up-vision.eu\/gb\/wp-json\/wp\/v2\/pages\/2446\/revisions"}],"predecessor-version":[{"id":2453,"href":"https:\/\/up-vision.eu\/gb\/wp-json\/wp\/v2\/pages\/2446\/revisions\/2453"}],"wp:attachment":[{"href":"https:\/\/up-vision.eu\/gb\/wp-json\/wp\/v2\/media?parent=2446"}],"curies":[{"name":"wp","href":"https:\/\/api.w.org\/{rel}","templated":true}]}}