{"id":290,"date":"2021-01-12T22:53:32","date_gmt":"2021-01-12T22:53:32","guid":{"rendered":"https:\/\/up-vision.eu\/?page_id=290"},"modified":"2021-11-12T18:06:43","modified_gmt":"2021-11-12T18:06:43","slug":"sdvoe","status":"publish","type":"page","link":"https:\/\/up-vision.eu\/gb\/sdvoe\/","title":{"rendered":"SDVoE"},"content":{"rendered":"\n<div id=\"section-g753278\" class=\"wp-block-gutentor-e6 section-g753278 gutentor-element gutentor-element-image text-align-center-desktop section-gb5d626\"><div class=\"gutentor-element-image-box\"><div class=\"gutentor-image-thumb\"><img decoding=\"async\" class=\"normal-image\" src=\"https:\/\/up-vision.eu\/wp-content\/uploads\/2021\/11\/iMAG_logo.png\"\/><\/div><\/div><\/div>\n\n\n\n<h2 style=\"text-align: center;\">Wir arbeiten momentan daran, Ihnen hier Informationen zu unserem Partner iMAG SYSTEMS bereitzustellen&#8230;<\/h2>\n\n\n\n<div class=\"wp-block-columns is-layout-flex wp-container-core-columns-layout-1 wp-block-columns-is-layout-flex\">\n<div class=\"wp-block-column is-layout-flow wp-block-column-is-layout-flow\">\n<h4 style=\"text-align: center;\">Was bedeutet SDVoE?<\/h4>\n<p>SDVoE steht f\u00fcr <strong>S<\/strong>oftware <strong>D<\/strong>efined <strong>V<\/strong>ideo <strong>o<\/strong>ver <strong>E<\/strong>thernet und ist der aktuelle Standard f\u00fcr die \u00dcbertragung von Video- und Audiosignalen \u00fcber ein 10Gb Netzwerk. Dieser Standard soll maximale Qualit\u00e4t und Leistung bei beliebigem Umfang und Gr\u00f6\u00dfe der Architektur liefern. Au\u00dferdem sollen Ger\u00e4te innerhalb des Standards einfach, flexibel und frei skalierbar sein. Latenzfreie \u00dcbertragungen von 4K Inhalten mit 60Hz, werden durch diese Technologie erm\u00f6glicht. Dabei spielt es keine Rolle, ob Sie eine Quelle auf mehreren Senken (One to Many) oder mehrerer Quellen auf einer Senke (Many to One), anzeigen m\u00f6chten.&nbsp;<\/p>\n<\/div>\n\n\n\n<div class=\"wp-block-column is-layout-flow wp-block-column-is-layout-flow\">\n<section id=\"section-7bb83f78-1d83-446e-bca3-65c2263c5824\" class=\"wp-block-gutentor-image-box gutentor-section gutentor-image-wrapper imagebox-template1\"><div class=\"grid-container\"><div class=\"grid-row gutentor-grid-item-wrap\"><div class=\"gutentor-grid-column grid-lg-12 grid-md-4 grid-12\"><div class=\"gutentor-single-item gutentor-image gutentor-single-item-0\"><div class=\"gutentor-single-item-wrap\"><div class=\"gutentor-single-item-image-box\"><div class=\"gutentor-image-thumb\"><img decoding=\"async\" class=\"normal-image\" src=\"https:\/\/up-vision.eu\/wp-content\/uploads\/2021\/11\/maintenance-g7c69b50c1_1920.png\" alt=\"\"\/><\/div><\/div><div class=\"gutentor-single-item-content\"><\/div><\/div><\/div><\/div><\/div><\/div><\/section>\n<\/div>\n<\/div>\n\n\n\n<div class=\"wp-block-columns is-layout-flex wp-container-core-columns-layout-4 wp-block-columns-is-layout-flex\">\n<div class=\"wp-block-column is-layout-flow wp-block-column-is-layout-flow\">\n<div id=\"section-g7e2626\" class=\"wp-block-gutentor-e6 section-g7e2626 gutentor-element gutentor-element-image gutentor-enabled-width section-gb863d8\"><div class=\"gutentor-element-image-box\"><div class=\"gutentor-image-thumb\"><img decoding=\"async\" class=\"normal-image\" src=\"https:\/\/up-vision.eu\/wp-content\/plugins\/gutentor\/assets\/img\/default-image.jpg\"\/><\/div><\/div><\/div>\n\n\n\n<p style=\"font-size:12px\"><\/p>\n<\/div>\n\n\n\n<div class=\"wp-block-column is-layout-flow wp-block-column-is-layout-flow\">\n<p>\u00a0<\/p>\n<p>\u00a0<\/p>\n<p>\u00a0<\/p>\n<p>Wir zeigen Ihnen hier in K\u00fcrze Produkte unseres Partners iMag.<\/p>\n<p>Bei Fragen, <a href=\"https:\/\/up-vision.eu\/impressum\">rufen Sie uns an<\/a> oder Sie verwenden einfach unser <a href=\"https:\/\/up-vision.eu\/?page_id=317\">Kontaktformular. <\/a>\u00a0<\/p>\n<p>Vielen Dank f\u00fcr Ihr Verst\u00e4ndnis!<\/p>\n\n\n\n<div class=\"wp-block-columns is-layout-flex wp-container-core-columns-layout-2 wp-block-columns-is-layout-flex\">\n<div class=\"wp-block-column is-layout-flow wp-block-column-is-layout-flow\">\n<div id=\"section-g848dec\" class=\"wp-block-gutentor-e6 section-g848dec gutentor-element gutentor-element-image section-g898c19\"><div class=\"gutentor-element-image-box\"><div class=\"gutentor-image-thumb\"><img decoding=\"async\" class=\"normal-image\" src=\"https:\/\/up-vision.eu\/wp-content\/plugins\/gutentor\/assets\/img\/default-image.jpg\"\/><\/div><\/div><\/div>\n<\/div>\n<\/div>\n\n\n\n<div class=\"wp-block-columns are-vertically-aligned-top is-layout-flex wp-container-core-columns-layout-3 wp-block-columns-is-layout-flex\">\n<div class=\"wp-block-column is-vertically-aligned-top is-layout-flow wp-block-column-is-layout-flow\" style=\"flex-basis:100%\">\n<p style=\"font-size:12px\"><\/p>\n<\/div>\n<\/div>\n<\/div>\n<\/div>\n\n\n\n\n\n\n\n<h4 style=\"text-align: center;\">\u00a0<\/h4>\n<p>\u00a0<\/p>\n<p>\u00a0<\/p>\n\n\n\n<p><\/p>\n","protected":false},"excerpt":{"rendered":"<p>Wir arbeiten momentan daran, Ihnen hier Informationen zu unserem Partner iMAG SYSTEMS bereitzustellen&#8230; Was bedeutet SDVoE? SDVoE steht f\u00fcr Software Defined Video over Ethernet und ist der aktuelle Standard f\u00fcr die \u00dcbertragung von Video- und Audiosignalen \u00fcber ein 10Gb Netzwerk. Dieser Standard soll maximale Qualit\u00e4t und Leistung bei beliebigem Umfang und Gr\u00f6\u00dfe der Architektur liefern. Au\u00dferdem sollen Ger\u00e4te innerhalb des Standards einfach, flexibel und frei skalierbar sein. Latenzfreie \u00dcbertragungen von&hellip;<\/p>\n","protected":false},"author":1,"featured_media":0,"parent":0,"menu_order":0,"comment_status":"closed","ping_status":"closed","template":"","meta":{"footnotes":""},"translation":{"provider":"WPGlobus","version":"2.12.2","language":"gb","enabled_languages":["de","gb"],"languages":{"de":{"title":true,"content":true,"excerpt":false},"gb":{"title":false,"content":false,"excerpt":false}}},"_links":{"self":[{"href":"https:\/\/up-vision.eu\/gb\/wp-json\/wp\/v2\/pages\/290"}],"collection":[{"href":"https:\/\/up-vision.eu\/gb\/wp-json\/wp\/v2\/pages"}],"about":[{"href":"https:\/\/up-vision.eu\/gb\/wp-json\/wp\/v2\/types\/page"}],"author":[{"embeddable":true,"href":"https:\/\/up-vision.eu\/gb\/wp-json\/wp\/v2\/users\/1"}],"replies":[{"embeddable":true,"href":"https:\/\/up-vision.eu\/gb\/wp-json\/wp\/v2\/comments?post=290"}],"version-history":[{"count":26,"href":"https:\/\/up-vision.eu\/gb\/wp-json\/wp\/v2\/pages\/290\/revisions"}],"predecessor-version":[{"id":2260,"href":"https:\/\/up-vision.eu\/gb\/wp-json\/wp\/v2\/pages\/290\/revisions\/2260"}],"wp:attachment":[{"href":"https:\/\/up-vision.eu\/gb\/wp-json\/wp\/v2\/media?parent=290"}],"curies":[{"name":"wp","href":"https:\/\/api.w.org\/{rel}","templated":true}]}}