{"id":4,"date":"2020-12-09T14:22:51","date_gmt":"2020-12-09T14:22:51","guid":{"rendered":"https:\/\/up-vision.eu\/?page_id=4"},"modified":"2024-02-29T14:51:29","modified_gmt":"2024-02-29T14:51:29","slug":"willkommen-auf-https-up-vision-eu","status":"publish","type":"page","link":"https:\/\/up-vision.eu\/gb\/seite-wird-ueberarbeitet-page-will-be-revised\/willkommen-auf-https-up-vision-eu\/","title":{"rendered":"Wecome to UpVision &#8211; Upgrade your Vision"},"content":{"rendered":"<hr>\n\n\n<div class=\"wp-block-columns is-layout-flex wp-container-core-columns-layout-2 wp-block-columns-is-layout-flex\">\n<div class=\"wp-block-column is-layout-flow wp-block-column-is-layout-flow\">\n<div class=\"wp-block-columns is-layout-flex wp-container-core-columns-layout-1 wp-block-columns-is-layout-flex\">\n<div class=\"wp-block-column is-layout-flow wp-block-column-is-layout-flow\">\n<h2 style=\"text-align: center;\">Unsere Vision<\/h2>\n<p>Wir sind ein junges Unternehmen, das sich aktiv um die Digitalisierung von Pflegeeinrichtungen k\u00fcmmert. Gemeinsam mit unseren Partnern m\u00f6chten wir den Alltag von Bewohnern und Pflegekr\u00e4ften upgraden und so unsere Vision vom &#8220;Pflegeheim 2.0&#8221; realisieren.<\/p>\n<p>Unserer Produkte wurden speziell f\u00fcr den Einsatz in Pflegeeinrichtungen entwickelt. Unter Mitwirkung von Spezialisten werden s\u00e4mtliche Produktgruppen stetig weiterentwickelt und individuell angepasst.<\/p>\n<p>Wir unterst\u00fctzen Sie dabei aus der Vielzahl von M\u00f6glichkeiten, die f\u00fcr Sie passenden auszusuchen und begleiten Sie bei der Umsetzung einer sinnvollen Digitalisierung. Wir beraten Sie und sprechen Empfehlungen aus, wie Sie Schritt f\u00fcr Schritt die Vorteile von gezielten Ma\u00dfnahmen umsetzen und davon umgehend und langfristig profitieren.<\/p>\n<p>Um unseren Kunden noch besser bei der Digitalisierung zu unterst\u00fctzen und stets qualitativ hochwertige Ger\u00e4te zu guten Preisen anbieten zu k\u00f6nnen arbeiten wir eng mit verschiedenen Herstellern zusammen und vertreten diese teilweise exklusiv in der D-A-CH Region.<\/p>\n<p>Durch die Distribution von Firmen wie EDIS AV, THINLABS und SY Electronics, k\u00f6nnen wir unseren Kunden ma\u00dfgeschneiderte L\u00f6sungen anbieten, mit denen sie Ihre Einrichtung auf den neuesten Stand der Technik bringen.<\/p>\n<p>Mit den Produkten unserer Partner SMARTLIBERTY und CARETABLE tragen wir erheblich zu einer Verbesserung der Situation in Pflegeeinrichtungen bei. Wir entlasten die Pflegekr\u00e4fte f\u00f6rdern die Selbst\u00e4ndigkeit von Pflegebed\u00fcrftigen und verbinden das Ganze mit Spiel und Spa\u00df. Sie m\u00f6chten gerne wissen wie? Dann lesen Sie noch ein bisschen weiter oder kontaktieren Sie uns direkt.<\/p>\n<\/div>\n<\/div>\n<\/div>\n<\/div>\n\n\n\n<div id=\"section-g40c69d\" class=\"wp-block-gutentor-e2 section-g40c69d gutentor-element gutentor-element-button button-align-center-desktop\"><span class=\"gutentor-button-wrap\"><a class=\"gutentor-button gutentor-block-button gutentor-icon-hide\" href=\"www.up-vision.eu\/kontakt\"><i class=\"gutentor-button-icon fas fa-book\"><\/i><span>Beratung vereinbaren<\/span><\/a><\/span><\/div>\n\n\n<hr>\n\n\n<div id=\"section-g6990a4\" class=\"wp-block-gutentor-e6 section-g6990a4 gutentor-element gutentor-element-image text-align-center-desktop\"><div class=\"gutentor-element-image-box\"><div class=\"gutentor-image-thumb\"><img decoding=\"async\" class=\"normal-image\" src=\"https:\/\/up-vision.eu\/wp-content\/uploads\/2021\/03\/digitization-4824766_1920-1024x466.jpg\"\/><\/div><\/div><\/div>\n\n\n<h3 style=\"text-align: center;\">Wir lassen Sie nicht in den Untiefen der Digitalisierung allein, sondern begleiten Sie bei jedem Schritt Ihres Digitalisierungsprozesses.<\/h3>\n<hr>\n\n\n<div class=\"wp-block-columns is-layout-flex wp-container-core-columns-layout-3 wp-block-columns-is-layout-flex\">\n<div class=\"wp-block-column is-layout-flow wp-block-column-is-layout-flow\">\n<div id=\"section-g623c00\" class=\"wp-block-gutentor-e6 section-g623c00 gutentor-element gutentor-element-image\"><div class=\"gutentor-element-image-box\"><div class=\"gutentor-image-thumb\"><img decoding=\"async\" class=\"normal-image\" src=\"https:\/\/up-vision.eu\/wp-content\/uploads\/2021\/03\/graph-1019845_1920.jpg\"\/><\/div><\/div><\/div>\n<\/div>\n\n\n\n<div class=\"wp-block-column is-layout-flow wp-block-column-is-layout-flow\">\n<h2>Step by Step&#8230;<\/h2>\n<p><strong>D<\/strong>igitalisierung ist nicht das eine Produkt, das angeschafft wird und Alles wird gut. Wir beraten und begleiten Sie bei jedem einzelnen Schritt der Ihre Einrichtung weiterbringt. Die Reihenfolge der einzelnen Schritte spielt bei der Umsetzung keine Rolle. Wichtig ist nur zu erkennen, dass die verschiedenen Ma\u00dfnahmen Pflegekr\u00e4fte bei Ihrer t\u00e4glichen Arbeit unterst\u00fctzen und nicht ersetzen sollen! Menschlichkeit und gen\u00fcgend Zeit f\u00fcr die Pflege, stehen bei uns und unseren Partnern im Vordergrund.<\/p>\n<p><strong>D<\/strong>ie Anforderungen an Pflegeeinrichtungen steigen kontinuierlich. Wer diesen Anforderungen gerecht werden will, muss mit der Zeit gehen. Aus vielen Gespr\u00e4chen mit verschiedenen Einrichtungsleiter:innen und Pflegekr\u00e4ften, wissen wir dass eine der ersten und h\u00e4ufigsten Fragen von potentiellen, neuen Bewohner:innen sich bereits heute um die Verf\u00fcgbarkeit von W-Lan und entsprechende Nutzungsm\u00f6glichkeiten dreht.<\/p>\n<p><strong>UpVision<\/strong> bietet ein breites Spektrum von speziell f\u00fcr die Pflege entwickelten L\u00f6sungen, von denen Sie, Ihre Mitarbeiter:innen und Ihre Bewohner:innen profitieren.<\/p>\n<p>Im weiteren Verlauf dieser Seite zeigen wir Produkte die nachweislich Zeit sparen, den Pflegealltag erleichtern und allen Beteiligten ein L\u00e4cheln ins Gesicht zaubern.<\/p>\n<p><\/p>\n<\/div>\n<\/div>\n\n\n\n<div id=\"section-g076653\" class=\"wp-block-gutentor-e2 section-g076653 gutentor-element gutentor-element-button g-pos-s-desktop g-pos-d-tablet g-pos-d-mobile g-pos-custom-desktop button-align-right-desktop\"><span class=\"gutentor-button-wrap\"><a class=\"gutentor-button gutentor-block-button gutentor-icon-hide\" href=\"#\"><i class=\"gutentor-button-icon fas fa-book\"><\/i><span>Pers\u00f6nliches Gespr\u00e4ch vereinbaren<\/span><\/a><\/span><\/div>\n\n\n<hr>\n\n\n<div class=\"wp-block-columns is-layout-flex wp-container-core-columns-layout-4 wp-block-columns-is-layout-flex\">\n<div class=\"wp-block-column is-layout-flow wp-block-column-is-layout-flow\">\n<h3>Schritt 1 &#8211; Der CareTable<\/h3>\n<p>Der digitale Aktivit\u00e4tstisch bietet eine Vielzahl von seniorengerechten Anwendungen, die die Selbst\u00e4ndigkeit f\u00f6rdern sollen und dazu beitragen, dass vorhandene F\u00e4higkeiten erhalten bleiben. Das sch\u00f6ne ist, dass sich der CareTable st\u00e4ndig weiterentwickelt und s\u00e4mtliche Neuerungen und Updates unseren Kunden kostenfrei zur Verf\u00fcgung stehen.<\/p>\n<p>Das Video zeigt einen Erfahrungsbericht der Ihnen einen guten ersten Eindruck verschafft.<\/p>\n\n\n\n<div id=\"section-gbb1d26\" class=\"wp-block-gutentor-e2 section-gbb1d26 gutentor-element gutentor-element-button\"><span class=\"gutentor-button-wrap\"><a class=\"gutentor-button gutentor-block-button gutentor-icon-hide\" href=\"www.up-vision.eu\/kontakt\"><i class=\"gutentor-button-icon fas fa-book\"><\/i><span>Vorf\u00fchrung vereinbaren<\/span><\/a><\/span><\/div>\n\n\n\n<div id=\"section-gbd5d48\" class=\"wp-block-gutentor-e2 section-gbd5d48 gutentor-element gutentor-element-button\"><span class=\"gutentor-button-wrap\"><a class=\"gutentor-button gutentor-block-button gutentor-icon-hide\" href=\"https:\/\/up-vision.eu\/seite-wird-ueberarbeitet-page-will-be-revised\/\"><i class=\"gutentor-button-icon fas fa-book\"><\/i><span>Mehr zum CareTable<\/span><\/a><\/span><\/div>\n<\/div>\n\n\n\n<div class=\"wp-block-column is-layout-flow wp-block-column-is-layout-flow\">\n<figure class=\"wp-block-embed is-type-video is-provider-youtube wp-block-embed-youtube wp-embed-aspect-16-9 wp-has-aspect-ratio\"><div class=\"wp-block-embed__wrapper\">\n<div class=\"epyt-video-wrapper\"><iframe loading=\"lazy\"  style=\"display: block; margin: 0px auto;\"  id=\"_ytid_42190\"  width=\"640\" height=\"360\"  data-origwidth=\"640\" data-origheight=\"360\"  data-relstop=\"1\" src=\"https:\/\/www.youtube-nocookie.com\/embed\/94-BVY51w3c?enablejsapi=1&#038;origin=https:\/\/up-vision.eu&#038;autoplay=0&#038;cc_load_policy=0&#038;cc_lang_pref=&#038;iv_load_policy=1&#038;loop=0&#038;modestbranding=1&#038;rel=0&#038;fs=1&#038;playsinline=0&#038;autohide=2&#038;hl=en_GB&#038;theme=dark&#038;color=red&#038;controls=1&#038;\" class=\"__youtube_prefs__  epyt-is-override  no-lazyload\" title=\"YouTube player\"  allow=\"fullscreen; accelerometer; autoplay; clipboard-write; encrypted-media; gyroscope; picture-in-picture\" allowfullscreen data-no-lazy=\"1\" data-skipgform_ajax_framebjll=\"\"><\/iframe><\/div>\n<\/div><\/figure>\n<\/div>\n<\/div>\n\n\n<hr>\n\n\n<div class=\"wp-block-columns is-layout-flex wp-container-core-columns-layout-5 wp-block-columns-is-layout-flex\">\n<div class=\"wp-block-column is-layout-flow wp-block-column-is-layout-flow\">\n<div id=\"section-g41d528\" class=\"wp-block-gutentor-e6 section-g41d528 gutentor-element gutentor-element-image\"><div class=\"gutentor-element-image-box\"><div class=\"gutentor-image-thumb\"><img decoding=\"async\" class=\"normal-image\" src=\"https:\/\/up-vision.eu\/wp-content\/uploads\/2022\/07\/Equipement-optimise_DE.jpg\"\/><\/div><\/div><\/div>\n<\/div>\n\n\n\n<div class=\"wp-block-column is-layout-flow wp-block-column-is-layout-flow\">\n<h3>Schritt 2 &#8211; SmartLiberty<\/h3>\n<p>SmartLiberty ist DIE digitale Plattform f\u00fcr die Pflege. Eine Zeitersparnis von mehreren Stunden pro Tag entlastet das Pflegepersonal erheblich und schafft so <strong>MEHR ZEIT F\u00dcR DIE PFLEGE.<\/strong> Wer es nicht auf die Altenpflege Messe 2022, in Essen geschafft hat, sollte uns kontaktieren, damit wir gemeinsam herausfinden, wieviel Zeit SmartLiberty Ihrer Einrichtung sparen kann. Funktionen wie der mobile Bewohnerruf, Weglaufschutz, einheitliche Kommunikation, Assistenzruf u.v.m. k\u00f6nnen bei einer Einrichtung mit 60 Betten schnell zu einer Zeitersparnis von 12 Arbeitsstunden pro Tag f\u00fchren. Einfach in der Handhabung, modular erweiterbar und flexibel bei der Einbindung bereits vorhandener Systeme, ist SmartLiberty die richtige L\u00f6sung f\u00fcr Ihre Einrichtung.<\/p>\n<p><\/p>\n\n\n\n<div id=\"gm35c4cad\" class=\"wp-block-gutentor-m1 section-gm35c4cad gutentor-module gutentor-element-button-group g-btn-horizontal-d g-btn-horizontal-t g-btn-horizontal-m\"><div class=\"gutentor-element-button-group-wrap\">\n<div id=\"section-gf348ee\" class=\"wp-block-gutentor-e2 section-gf348ee gutentor-element gutentor-element-button\"><span class=\"gutentor-button-wrap\"><a class=\"gutentor-button gutentor-block-button gutentor-icon-hide\" href=\"https:\/\/up-vision.eu\/smartliberty\/\"><i class=\"gutentor-button-icon fas fa-book\"><\/i><span>Mehr Erfahren<\/span><\/a><\/span><\/div>\n\n\n\n<div id=\"section-g5235e8\" class=\"wp-block-gutentor-e2 section-g5235e8 gutentor-element gutentor-element-button\"><span class=\"gutentor-button-wrap\"><a class=\"gutentor-button gutentor-block-button gutentor-icon-hide\" href=\"www.up-vision.eu\/kontakt\"><i class=\"gutentor-button-icon fas fa-book\"><\/i><span>Vorf\u00fcrung vereinbaren<\/span><\/a><\/span><\/div>\n<\/div><\/div>\n<\/div>\n<\/div>\n\n\n<hr \/>\n<h3>Dieser Bereich wird aktuell \u00fcberarbeitet. Vielen Dank f\u00fcr Ihre Geduld.<\/h3>","protected":false},"excerpt":{"rendered":"<p>Unsere Vision Wir sind ein junges Unternehmen, das sich aktiv um die Digitalisierung von Pflegeeinrichtungen k\u00fcmmert. Gemeinsam mit unseren Partnern m\u00f6chten wir den Alltag von Bewohnern und Pflegekr\u00e4ften upgraden und so unsere Vision vom &#8220;Pflegeheim 2.0&#8221; realisieren. Unserer Produkte wurden speziell f\u00fcr den Einsatz in Pflegeeinrichtungen entwickelt. Unter Mitwirkung von Spezialisten werden s\u00e4mtliche Produktgruppen stetig weiterentwickelt und individuell angepasst. Wir unterst\u00fctzen Sie dabei aus der Vielzahl von M\u00f6glichkeiten, die f\u00fcr&hellip;<\/p>\n","protected":false},"author":1,"featured_media":0,"parent":2523,"menu_order":1,"comment_status":"closed","ping_status":"closed","template":"","meta":{"footnotes":""},"translation":{"provider":"WPGlobus","version":"2.12.2","language":"gb","enabled_languages":["de","gb"],"languages":{"de":{"title":true,"content":true,"excerpt":false},"gb":{"title":true,"content":false,"excerpt":false}}},"_links":{"self":[{"href":"https:\/\/up-vision.eu\/gb\/wp-json\/wp\/v2\/pages\/4"}],"collection":[{"href":"https:\/\/up-vision.eu\/gb\/wp-json\/wp\/v2\/pages"}],"about":[{"href":"https:\/\/up-vision.eu\/gb\/wp-json\/wp\/v2\/types\/page"}],"author":[{"embeddable":true,"href":"https:\/\/up-vision.eu\/gb\/wp-json\/wp\/v2\/users\/1"}],"replies":[{"embeddable":true,"href":"https:\/\/up-vision.eu\/gb\/wp-json\/wp\/v2\/comments?post=4"}],"version-history":[{"count":124,"href":"https:\/\/up-vision.eu\/gb\/wp-json\/wp\/v2\/pages\/4\/revisions"}],"predecessor-version":[{"id":2535,"href":"https:\/\/up-vision.eu\/gb\/wp-json\/wp\/v2\/pages\/4\/revisions\/2535"}],"up":[{"embeddable":true,"href":"https:\/\/up-vision.eu\/gb\/wp-json\/wp\/v2\/pages\/2523"}],"wp:attachment":[{"href":"https:\/\/up-vision.eu\/gb\/wp-json\/wp\/v2\/media?parent=4"}],"curies":[{"name":"wp","href":"https:\/\/api.w.org\/{rel}","templated":true}]}}