{"id":532,"date":"2021-01-18T11:25:19","date_gmt":"2021-01-18T11:25:19","guid":{"rendered":"https:\/\/up-vision.eu\/?page_id=532"},"modified":"2021-05-27T14:19:05","modified_gmt":"2021-05-27T14:19:05","slug":"digital-signage","status":"publish","type":"page","link":"https:\/\/up-vision.eu\/gb\/digital-signage\/","title":{"rendered":"Digital Signage"},"content":{"rendered":"<h2 style=\"text-align: center;\">WAS IST DIGITAL SIGNAGE UND WELCHEN NUTZEN KANN ICH DARAUS ZIEHEN?<\/h2>\n<p><\/p>\n<hr>\n<h4 style=\"text-align: center;\"><strong>Kurz und knapp: Digital Signage ist die Digitalisierung von Informationssystemen.<\/strong><\/h4>\n<p><\/p>\n<p>Ob das nun das Schwarze Brett in einer Betriebskantine, Produktinformationen am&nbsp;<strong>P<\/strong>oint&nbsp;<strong>o<\/strong>f&nbsp;<strong>S<\/strong>ale (POS) oder riesige LED-W\u00e4nde zu Werbezwecken sind, spielt keine Rolle. Das Thema ist sehr weitl\u00e4ufig und umfasst eine Vielzahl von Anwendungsm\u00f6glichkeiten.&nbsp;<\/p>\n<p>Wir haben uns darauf spezialisiert Pflegeeinrichtungen und Einrichtungen aus dem Gesundheitswesen, wie Apotheken und Arztpraxen, dabei zu beraten, welchen Nutzen man aus Digital Signage ziehen kann. Um einen Termin f\u00fcr ein unverbindliche und kostenfreie Beratung zu vereinbaren, verwenden Sie bitte unser&nbsp;<a href=\"https:\/\/up-vision.eu\/kontakt\/#Kalender\">Kontaktformular<\/a>&nbsp;oder&nbsp;<a href=\"https:\/\/up-vision.eu\/impressum\/\">rufen Sie uns an<\/a>.<\/p>\n<p>Der prim\u00e4re Zweck unserer Beratung ist, herauszufinden ob, wie und in welchem Umfang Digital Signage in ihrem Unternehmen sinnvoll eingesetzt werden kann. In einem n\u00e4chsten Schritt suchen wir die individuell passende Hard- und Software aus und betreuen Sie bei der gesamten Umsetzung ihres Projekts. Wir k\u00f6nnen auf ein gro\u00dfes Angebot von Namhaften Herstellern zur\u00fcckgreifen und verwenden ausschlie\u00dflich Produkte die sich vielfach bew\u00e4hrt haben. Der Einsatz von Digital Signage kann ihren Arbeitsalltag vereinfachen und hinterl\u00e4sst bei Ihren Kunden und Besuchern einen bleibenden Eindruck.<\/p>\n<p><\/p>\n<p>Hier finden Sie weitere Informationen zu unseren&nbsp;<strong><a href=\"https:\/\/up-vision.eu\/partner\/\">Herstellern<\/a><\/strong>&nbsp;und&nbsp;<strong><a href=\"https:\/\/up-vision.eu\/produkte\/\">Produkten<\/a>.<\/strong><\/p>\n\n\n<div class=\"wp-block-columns is-layout-flex wp-container-core-columns-layout-1 wp-block-columns-is-layout-flex\">\n<div class=\"wp-block-column is-layout-flow wp-block-column-is-layout-flow\">\n<p><\/p>\n<p><strong>S<\/strong>ie sind w\u00e4hrend der anhaltenden Pandemie immer wieder gezwungen, neue Informationen an ihre Kunden zu \u00fcbermitteln, bevor sie ihre R\u00e4umlichkeiten betreten? Bis jetzt haben Sie alle Informationen ausgedruckt und in ihr Schaufenster geklebt? Sie m\u00f6chten diesen Zustand gerne \u00e4ndern?&nbsp;<\/p>\n<p>Dann vereinbaren Sie jetzt einen Termin mit unserem Au\u00dfendienst.<\/p>\n\n\n\n<div id=\"section-g48b5bd\" class=\"wp-block-gutentor-e2 section-g48b5bd gutentor-element gutentor-element-button\"><span class=\"gutentor-button-wrap\"><a class=\"gutentor-button gutentor-block-button gutentor-icon-hide\" href=\"https:\/\/up-vision.eu\/kontakt\/#Kalender\"><i class=\"gutentor-button-icon fas fa-book\"><\/i><span>Jetzt Termin anfragen!<\/span><\/a><\/span><\/div>\n\n\n\n<p>\u00a0<\/p>\n<hr \/>\n<p>Wir helfen Ihnen dabei, Digital Signage f\u00fcr sich zu nutzen. Auch f\u00fcr die Zeit nach Corona lohnt sich die Investition. Digital Signage kommt gut bei ihren Lieferanten und Partnern an, f\u00fcr die Sie die neu gewonnene Pr\u00e4sentationsm\u00f6glichkeit ebenfalls nutzen k\u00f6nnen.<\/p>\n<p>Wir k\u00f6nnten hier nun eine riesige Menge an Lesestoff pr\u00e4sentieren, gehen aber davon aus, dass Sie besseres zu tun haben. Sprechen sie uns einfach an und wir k\u00fcmmern uns um den Rest!<\/p>\n<\/div>\n\n\n\n<div class=\"wp-block-column is-layout-flow wp-block-column-is-layout-flow\">\n<div id=\"section-gf5d833\" class=\"wp-block-gutentor-e6 section-gf5d833 gutentor-element gutentor-element-image\"><div class=\"gutentor-element-image-box\"><div class=\"gutentor-image-thumb\"><img decoding=\"async\" class=\"normal-image\" src=\"https:\/\/up-vision.eu\/wp-content\/uploads\/2021\/05\/coronavirus-line-art-5019475_1280.png\"\/><\/div><\/div><\/div>\n<\/div>\n<\/div>\n","protected":false},"excerpt":{"rendered":"<p>WAS IST DIGITAL SIGNAGE UND WELCHEN NUTZEN KANN ICH DARAUS ZIEHEN? Kurz und knapp: Digital Signage ist die Digitalisierung von Informationssystemen. Ob das nun das Schwarze Brett in einer Betriebskantine, Produktinformationen am&nbsp;Point&nbsp;of&nbsp;Sale (POS) oder riesige LED-W\u00e4nde zu Werbezwecken sind, spielt keine Rolle. Das Thema ist sehr weitl\u00e4ufig und umfasst eine Vielzahl von Anwendungsm\u00f6glichkeiten.&nbsp; Wir haben uns darauf spezialisiert Pflegeeinrichtungen und Einrichtungen aus dem Gesundheitswesen, wie Apotheken und Arztpraxen, dabei zu&hellip;<\/p>\n","protected":false},"author":1,"featured_media":0,"parent":0,"menu_order":0,"comment_status":"closed","ping_status":"closed","template":"","meta":{"footnotes":""},"translation":{"provider":"WPGlobus","version":"2.12.2","language":"gb","enabled_languages":["de","gb"],"languages":{"de":{"title":true,"content":true,"excerpt":false},"gb":{"title":false,"content":false,"excerpt":false}}},"_links":{"self":[{"href":"https:\/\/up-vision.eu\/gb\/wp-json\/wp\/v2\/pages\/532"}],"collection":[{"href":"https:\/\/up-vision.eu\/gb\/wp-json\/wp\/v2\/pages"}],"about":[{"href":"https:\/\/up-vision.eu\/gb\/wp-json\/wp\/v2\/types\/page"}],"author":[{"embeddable":true,"href":"https:\/\/up-vision.eu\/gb\/wp-json\/wp\/v2\/users\/1"}],"replies":[{"embeddable":true,"href":"https:\/\/up-vision.eu\/gb\/wp-json\/wp\/v2\/comments?post=532"}],"version-history":[{"count":15,"href":"https:\/\/up-vision.eu\/gb\/wp-json\/wp\/v2\/pages\/532\/revisions"}],"predecessor-version":[{"id":1706,"href":"https:\/\/up-vision.eu\/gb\/wp-json\/wp\/v2\/pages\/532\/revisions\/1706"}],"wp:attachment":[{"href":"https:\/\/up-vision.eu\/gb\/wp-json\/wp\/v2\/media?parent=532"}],"curies":[{"name":"wp","href":"https:\/\/api.w.org\/{rel}","templated":true}]}}