{"id":692,"date":"2021-01-22T11:59:37","date_gmt":"2021-01-22T11:59:37","guid":{"rendered":"https:\/\/up-vision.eu\/?page_id=692"},"modified":"2021-01-26T16:34:10","modified_gmt":"2021-01-26T16:34:10","slug":"der-cvf-900pro","status":"publish","type":"page","link":"https:\/\/up-vision.eu\/gb\/der-cvf-900pro\/","title":{"rendered":"CVF-900 Pro"},"content":{"rendered":"\n<h3><img loading=\"lazy\" decoding=\"async\" class=\"alignnone  wp-image-461 aligncenter\" src=\"https:\/\/up-vision.eu\/wp-content\/uploads\/2021\/01\/LIMELIGHT-Innovations_Logo_rgb_freigestellt-300x153.png\" alt=\"\" width=\"261\" height=\"133\" srcset=\"https:\/\/up-vision.eu\/wp-content\/uploads\/2021\/01\/LIMELIGHT-Innovations_Logo_rgb_freigestellt-300x153.png 300w, https:\/\/up-vision.eu\/wp-content\/uploads\/2021\/01\/LIMELIGHT-Innovations_Logo_rgb_freigestellt-1024x522.png 1024w, https:\/\/up-vision.eu\/wp-content\/uploads\/2021\/01\/LIMELIGHT-Innovations_Logo_rgb_freigestellt-768x392.png 768w, https:\/\/up-vision.eu\/wp-content\/uploads\/2021\/01\/LIMELIGHT-Innovations_Logo_rgb_freigestellt-1536x784.png 1536w, https:\/\/up-vision.eu\/wp-content\/uploads\/2021\/01\/LIMELIGHT-Innovations_Logo_rgb_freigestellt-2048x1045.png 2048w\" sizes=\"(max-width: 261px) 100vw, 261px\" \/><\/h3>\n<h3 style=\"text-align: center;\">Luftentkeimung mittels UV-C<\/h3>\n<p>&nbsp;<\/p>\n<p class=\"m-size-16\" style=\"text-align: left;\"><span class=\"m-font-size-16\">Der CVF 900 desinfiziert die Raumluft von kleinen und mittleren R\u00e4umen mit Personenaufenthalt. Das kompakte Ger\u00e4t kann hervorragend in Pflegeheimen, Apotheken, Arztpraxen, Besprechungs- und Klassenr\u00e4umen sowie in Therapieeinrichtungen oder Wellnessbereichen von Hotels eingesetzt werden.<\/span><\/p>\n<p>&nbsp;<\/p>\n\n\n\n<div class=\"wp-block-file aligncenter\"><a href=\"https:\/\/up-vision.eu\/wp-content\/uploads\/2021\/01\/Datenblatt-CVF-900_UpVision.pdf\">Datenblatt-CVF-900<\/a><a href=\"https:\/\/up-vision.eu\/wp-content\/uploads\/2021\/01\/Datenblatt-CVF-900_UpVision.pdf\" class=\"wp-block-file__button\" download>Herunterladen<\/a><\/div>\n\n\n\n<div id=\"section-g536aab\" class=\"wp-block-gutentor-e6 alignwide section-g536aab gutentor-element gutentor-element-image\"><div class=\"gutentor-element-image-box\"><div class=\"gutentor-image-thumb\"><img decoding=\"async\" class=\"normal-image\" src=\"https:\/\/up-vision.eu\/wp-content\/uploads\/2021\/01\/Verfuegbar-ab2.png\"\/><\/div><\/div><\/div>\n\n\n\n<div class=\"wp-block-columns is-layout-flex wp-container-core-columns-layout-1 wp-block-columns-is-layout-flex\">\n<div class=\"wp-block-column is-layout-flow wp-block-column-is-layout-flow\">\n<section id=\"section-0450a45f-9c08-497b-a496-53b78be74d4c\" class=\"wp-block-gutentor-image-box gutentor-section gutentor-image-wrapper imagebox-template1 g-pos-d-desktop g-pos-d-tablet g-pos-d-mobile\"><div class=\"grid-container\"><div class=\"grid-row gutentor-grid-item-wrap wow animated undefined\"><div class=\"gutentor-grid-column grid-lg-12 grid-md-4 grid-12\"><div class=\"gutentor-single-item gutentor-image gutentor-single-item-0\"><div class=\"gutentor-single-item-wrap\"><div class=\"gutentor-single-item-image-box\"><div class=\"gutentor-image-thumb\"><img decoding=\"async\" class=\"normal-image\" src=\"https:\/\/up-vision.eu\/wp-content\/uploads\/2021\/01\/CVF_900_50.png\" alt=\"\"\/><\/div><\/div><div class=\"gutentor-single-item-content\"><p class=\"gutentor-single-item-desc\">CVF 900 Pro &#8211; f\u00fcr R\u00e4ume bis 120qm, bei einer Deckenh\u00f6he von 2,5m<\/p><\/div><\/div><\/div><\/div><\/div><\/div><\/section>\n\n\n\n<p>F\u00fcr Anfragen und weitere Informationen, verwenden Sie bitte unser <a href=\"https:\/\/up-vision.eu\/?page_id=317\">Kontaktformular<\/a> oder <a href=\"https:\/\/up-vision.eu\/impressum\">rufen Sie uns an<\/a>. Da die Nachfrage momentan sehr gro\u00df ist, kann es zu l\u00e4ngeren Lieferzeiten kommen. Je eher Sie also bestellen, desto schneller atmen Sie keimfreie Luft!<\/p>\n<\/div>\n\n\n\n<div class=\"wp-block-column is-layout-flow wp-block-column-is-layout-flow\">\n<figure class=\"wp-block-table is-style-stripes\"><table class=\"has-fixed-layout\"><thead><tr><th class=\"has-text-align-left\" data-align=\"left\">Technische Daten:<\/th><th><br><\/th><\/tr><\/thead><tbody><tr><td class=\"has-text-align-left\" data-align=\"left\">Typ<\/td><td>CVF 900 Pro<\/td><\/tr><tr><td class=\"has-text-align-left\" data-align=\"left\">Abmessungen (mm)<\/td><td>H 800 x B 800 x T 100<\/td><\/tr><tr><td class=\"has-text-align-left\" data-align=\"left\">Spannung<\/td><td>230 V +\/- 10 % (50 Hz)<\/td><\/tr><tr><td class=\"has-text-align-left\" data-align=\"left\">Leistung<\/td><td>110 Watt<\/td><\/tr><tr><td class=\"has-text-align-left\" data-align=\"left\">Ger\u00e4usch-Entwicklung<\/td><td>ca. 38 dBA<\/td><\/tr><tr><td class=\"has-text-align-left\" data-align=\"left\">L\u00fcfterleistung<\/td><td>300m<sup>3<\/sup>\/std.<\/td><\/tr><tr><td class=\"has-text-align-left\" data-align=\"left\">Gewicht<\/td><td>ca. 21 kg<\/td><\/tr><tr><td class=\"has-text-align-left\" data-align=\"left\"><strong>UV-C Lampe:<\/strong><\/td><td><\/td><\/tr><tr><td class=\"has-text-align-left\" data-align=\"left\">Wellenl\u00e4nge<\/td><td>254 nm<\/td><\/tr><tr><td class=\"has-text-align-left\" data-align=\"left\">Betriebsstunden<\/td><td>ca. 16.000 std.<\/td><\/tr><\/tbody><\/table><\/figure>\n\n\n\n<p>F\u00fcr andere Raumgr\u00f6\u00dfen stehen uns weitere Produkte von Limelight Innovations zur Verf\u00fcgung. Hier eine kleine \u00dcbersicht:<\/p>\n<p>&nbsp;<\/p>\n\n\n\n<figure class=\"wp-block-gallery columns-3 is-cropped wp-block-gallery-1 is-layout-flex wp-block-gallery-is-layout-flex\"><ul class=\"blocks-gallery-grid\"><li class=\"blocks-gallery-item\"><figure><img loading=\"lazy\" decoding=\"async\" width=\"453\" height=\"608\" src=\"https:\/\/up-vision.eu\/wp-content\/uploads\/2021\/01\/CVF_900_50.png\" alt=\"\" data-id=\"393\" data-full-url=\"https:\/\/up-vision.eu\/wp-content\/uploads\/2021\/01\/CVF_900_50.png\" data-link=\"https:\/\/up-vision.eu\/der-cvf-900\/cvf_900_50\/\" class=\"wp-image-393\" srcset=\"https:\/\/up-vision.eu\/wp-content\/uploads\/2021\/01\/CVF_900_50.png 453w, https:\/\/up-vision.eu\/wp-content\/uploads\/2021\/01\/CVF_900_50-224x300.png 224w\" sizes=\"(max-width: 453px) 100vw, 453px\" \/><figcaption class=\"blocks-gallery-item__caption\"><a href=\"https:\/\/up-vision.eu\/der-cvf-900\/\">CVF 900<\/a><\/figcaption><\/figure><\/li><li class=\"blocks-gallery-item\"><figure><img loading=\"lazy\" decoding=\"async\" width=\"960\" height=\"960\" src=\"https:\/\/up-vision.eu\/wp-content\/uploads\/2021\/01\/CVF-1000.png\" alt=\"\" data-id=\"420\" data-full-url=\"https:\/\/up-vision.eu\/wp-content\/uploads\/2021\/01\/CVF-1000.png\" data-link=\"https:\/\/up-vision.eu\/?attachment_id=420\" class=\"wp-image-420\" srcset=\"https:\/\/up-vision.eu\/wp-content\/uploads\/2021\/01\/CVF-1000.png 960w, https:\/\/up-vision.eu\/wp-content\/uploads\/2021\/01\/CVF-1000-300x300.png 300w, https:\/\/up-vision.eu\/wp-content\/uploads\/2021\/01\/CVF-1000-150x150.png 150w, https:\/\/up-vision.eu\/wp-content\/uploads\/2021\/01\/CVF-1000-768x768.png 768w\" sizes=\"(max-width: 960px) 100vw, 960px\" \/><figcaption class=\"blocks-gallery-item__caption\">CVF 1000<\/figcaption><\/figure><\/li><li class=\"blocks-gallery-item\"><figure><img loading=\"lazy\" decoding=\"async\" width=\"470\" height=\"952\" src=\"https:\/\/up-vision.eu\/wp-content\/uploads\/2021\/01\/CVF-Air-H14.png\" alt=\"\" data-id=\"421\" data-full-url=\"https:\/\/up-vision.eu\/wp-content\/uploads\/2021\/01\/CVF-Air-H14.png\" data-link=\"https:\/\/up-vision.eu\/?attachment_id=421\" class=\"wp-image-421\" srcset=\"https:\/\/up-vision.eu\/wp-content\/uploads\/2021\/01\/CVF-Air-H14.png 470w, https:\/\/up-vision.eu\/wp-content\/uploads\/2021\/01\/CVF-Air-H14-148x300.png 148w\" sizes=\"(max-width: 470px) 100vw, 470px\" \/><figcaption class=\"blocks-gallery-item__caption\">CVF Air-H14<\/figcaption><\/figure><\/li><\/ul><\/figure>\n<\/div>\n<\/div>\n\n\n\n<h2 style=\"text-align: center;\">Was sagt die Wissenschaft?<\/h2>\n<p class=\"m-size-16\"><span class=\"m-font-size-16\">Zahlreiche Untersuchungen best\u00e4tigen die entscheidende Rolle von Aerosolen bei der Verbreitung von Viren. An dieser Stelle erkl\u00e4ren ausgesuchte Experten, wie UV-C-Luftentkeimung Raumluft von Viren befreien und f\u00fcr ein gesundes Raumklima sorgen kann.<\/span><\/p>\n<hr>\n<h5 class=\"listText\"><span id=\"1755050815\" class=\"itemName\">UV-C-Bestrahlung ist hochwirksam bei der Inaktivierung und Hemmung der SARS-CoV-2-Replikation<\/span><\/h5>\n<div id=\"1379927293\" class=\"itemText\">\n<p class=\"rteBlock\"><strong>Die m\u00f6glichen viruziden Wirkungen der UV-C-Bestrahlung auf SARS-CoV-2 wurden experimentell f\u00fcr verschiedene Beleuchtungsdosen und Viruskonzentrationen (1000, 5, 0,05 MOI) bewertet. In Abh\u00e4ngigkeit von diesen Parametern wurden sowohl die Virusinaktivierung als auch die Replikationshemmung untersucht.<\/strong><\/p>\n<p class=\"rteBlock\"><em>Mara Biasin et al.,Abteilung f\u00fcr biomedizinische und klinische Wissenschaften, Universit\u00e4t Mailand<\/em><\/p>\n<p>&nbsp;<\/p>\n<\/div>\n\n\n\n<div class=\"wp-block-file\"><a href=\"https:\/\/up-vision.eu\/wp-content\/uploads\/2021\/01\/Studie-UVC-2020.06.05.20123463v2.full_.pdf\">Komplette Studie Mailand<\/a><a href=\"https:\/\/up-vision.eu\/wp-content\/uploads\/2021\/01\/Studie-UVC-2020.06.05.20123463v2.full_.pdf\" class=\"wp-block-file__button\" download>Herunterladen<\/a><\/div>\n\n\n\n<hr \/>\n<h5 class=\"listText\"><span id=\"1459947442\" class=\"itemName\">Es ist Zeit, sich mit der \u00dcbertragung von COVID-19 in der Luft zu befassen<\/span><\/h5>\n<div id=\"1847620454\" class=\"itemText\">\n<p class=\"rteBlock\"><strong>Wir appellieren an die medizinische Gemeinschaft und an die zust\u00e4ndigen nationalen und internationalen Stellen, die Gefahr der Verbreitung von COVID-19 in der Luft anzuerkennen. In mikroskopisch kleinen Atemtr\u00f6pfchen (Mikrotr\u00f6pfchen) besteht, bei kurzen bis mittleren Entfernungen (bis zu mehreren Metern oder im Raumma\u00dfstab), ein erhebliches Potenzial f\u00fcr die Inhalationsexposition gegen\u00fcber Viren. Wir bef\u00fcrworten die Anwendung vorbeugender Ma\u00dfnahmen, um diesen \u00dcbertragungsweg in der Luft zu mildern.<\/strong><\/p>\n<p class=\"rteBlock\"><em>Lidia Morawska,Internationales WHO-Labor f\u00fcr Luftqualit\u00e4t und Gesundheit, Queensland, Australien<\/em><\/p>\n<p class=\"rteBlock\"><em>Donald K. Milton,Institut f\u00fcr angewandte Umweltgesundheit, Universit\u00e4t von Maryland<\/em><\/p>\n<\/div>\n\n\n\n<div class=\"wp-block-file\"><a href=\"https:\/\/up-vision.eu\/wp-content\/uploads\/2021\/01\/Studie-Maryland_2.pdf\">Komplette Studie Maryland<\/a><a href=\"https:\/\/up-vision.eu\/wp-content\/uploads\/2021\/01\/Studie-Maryland_2.pdf\" class=\"wp-block-file__button\" download>Herunterladen<\/a><\/div>\n\n\n\n<p><\/p>\n","protected":false},"excerpt":{"rendered":"<p>Luftentkeimung mittels UV-C &nbsp; Der CVF 900 desinfiziert die Raumluft von kleinen und mittleren R\u00e4umen mit Personenaufenthalt. Das kompakte Ger\u00e4t kann hervorragend in Pflegeheimen, Apotheken, Arztpraxen, Besprechungs- und Klassenr\u00e4umen sowie in Therapieeinrichtungen oder Wellnessbereichen von Hotels eingesetzt werden. &nbsp; F\u00fcr Anfragen und weitere Informationen, verwenden Sie bitte unser Kontaktformular oder rufen Sie uns an. Da die Nachfrage momentan sehr gro\u00df ist, kann es zu l\u00e4ngeren Lieferzeiten kommen. Je eher Sie&hellip;<\/p>\n","protected":false},"author":1,"featured_media":0,"parent":0,"menu_order":0,"comment_status":"closed","ping_status":"closed","template":"","meta":{"footnotes":""},"translation":{"provider":"WPGlobus","version":"2.12.2","language":"gb","enabled_languages":["de","gb"],"languages":{"de":{"title":true,"content":true,"excerpt":false},"gb":{"title":true,"content":false,"excerpt":false}}},"_links":{"self":[{"href":"https:\/\/up-vision.eu\/gb\/wp-json\/wp\/v2\/pages\/692"}],"collection":[{"href":"https:\/\/up-vision.eu\/gb\/wp-json\/wp\/v2\/pages"}],"about":[{"href":"https:\/\/up-vision.eu\/gb\/wp-json\/wp\/v2\/types\/page"}],"author":[{"embeddable":true,"href":"https:\/\/up-vision.eu\/gb\/wp-json\/wp\/v2\/users\/1"}],"replies":[{"embeddable":true,"href":"https:\/\/up-vision.eu\/gb\/wp-json\/wp\/v2\/comments?post=692"}],"version-history":[{"count":10,"href":"https:\/\/up-vision.eu\/gb\/wp-json\/wp\/v2\/pages\/692\/revisions"}],"predecessor-version":[{"id":785,"href":"https:\/\/up-vision.eu\/gb\/wp-json\/wp\/v2\/pages\/692\/revisions\/785"}],"wp:attachment":[{"href":"https:\/\/up-vision.eu\/gb\/wp-json\/wp\/v2\/media?parent=692"}],"curies":[{"name":"wp","href":"https:\/\/api.w.org\/{rel}","templated":true}]}}