{"id":787,"date":"2022-02-02T14:50:10","date_gmt":"2022-02-02T14:50:10","guid":{"rendered":"https:\/\/up-vision.eu\/?page_id=787"},"modified":"2022-09-07T09:37:50","modified_gmt":"2022-09-07T09:37:50","slug":"news","status":"publish","type":"page","link":"https:\/\/up-vision.eu\/gb\/news\/","title":{"rendered":"NEWS"},"content":{"rendered":"\n<div class=\"wp-block-columns is-layout-flex wp-container-core-columns-layout-1 wp-block-columns-is-layout-flex\">\n<div class=\"wp-block-column is-layout-flow wp-block-column-is-layout-flow\" style=\"flex-basis:25%\"><\/div>\n\n\n\n<div class=\"wp-block-column is-layout-flow wp-block-column-is-layout-flow\" style=\"flex-basis:50%\">\n<div id=\"section-gffe5ce\" class=\"wp-block-gutentor-e6 section-gffe5ce gutentor-element gutentor-element-image\"><div class=\"gutentor-element-image-box\"><div class=\"gutentor-image-thumb\"><img decoding=\"async\" class=\"normal-image\" src=\"https:\/\/up-vision.eu\/wp-content\/uploads\/2022\/08\/AVoIPoE.png\"\/><\/div><\/div><\/div>\n<\/div>\n\n\n\n<div class=\"wp-block-column is-layout-flow wp-block-column-is-layout-flow\" style=\"flex-basis:25%\"><\/div>\n<\/div>\n\n\n\n<p class=\"has-text-align-center has-black-color has-white-background-color has-text-color has-background\" style=\"font-size:15px\"><strong>\u00c4rgern Sie sich auch \u00fcber die gestiegenen Energiekosten und fragen sich wie Sie noch mehr Strom sparen k\u00f6nnen? Mit AVoIPoE bieten wir Ihnen Komplettl\u00f6sungen mit denen Sie bis zu 30% weniger Strom verbrauchen ohne dabei Leistung einzub\u00fc\u00dfen. <\/strong><\/p>\n\n\n\n<div class=\"wp-block-columns is-layout-flex wp-container-core-columns-layout-2 wp-block-columns-is-layout-flex\">\n<div class=\"wp-block-column is-layout-flow wp-block-column-is-layout-flow\" style=\"flex-basis:25%\">\n<div id=\"section-g7ba4a2\" class=\"wp-block-gutentor-e6 section-g7ba4a2 gutentor-element gutentor-element-image\"><div class=\"gutentor-element-image-box\"><div class=\"gutentor-image-thumb\"><img decoding=\"async\" class=\"normal-image\" src=\"https:\/\/up-vision.eu\/wp-content\/uploads\/2022\/07\/SY-Logo-Blue-RGB.png\"\/><\/div><\/div><\/div>\n<\/div>\n\n\n\n<div class=\"wp-block-column is-layout-flow wp-block-column-is-layout-flow\" style=\"flex-basis:50%\">\n<h1 style=\"text-align: center;\">upvision \u00fcbernimmt die distribution von sy-electronics!<\/h1>\n<p>Infos, Produkte und mehr, werden wir in den n\u00e4chsten Wochen auf unserer Seite ver\u00f6ffentlichen. Wer vorab eine Preisliste und\/oder Brosch\u00fcren erhalten m\u00f6chte schickt uns einfach ein Mail an info@up-vision.eu oder verwendet unser <a href=\"https:\/\/up-vision.eu\/kontakt\/\">Kontaktformular.<\/a><\/p>\n<p><\/p>\n<\/div>\n\n\n\n<div class=\"wp-block-column is-layout-flow wp-block-column-is-layout-flow\" style=\"flex-basis:25%\">\n<div id=\"section-gb880cb\" class=\"wp-block-gutentor-e6 section-gb880cb gutentor-element gutentor-element-image\"><div class=\"gutentor-element-image-box\"><div class=\"gutentor-image-thumb\"><img decoding=\"async\" class=\"normal-image\" src=\"https:\/\/up-vision.eu\/wp-content\/uploads\/2022\/07\/SY-Logo-Blue-RGB.png\"\/><\/div><\/div><\/div>\n<\/div>\n<\/div>\n\n\n<hr>\n<h1 style=\"text-align: center;\">Hier unser Showreel!<\/h1>\n<p style=\"text-align: center;\"><strong><a id=\"showreel\"><\/a>An english version is comming up soon!<\/strong><\/p>\n<hr>\n\n\n<div class=\"wp-block-columns is-layout-flex wp-container-core-columns-layout-3 wp-block-columns-is-layout-flex\">\n<div class=\"wp-block-column is-layout-flow wp-block-column-is-layout-flow\" style=\"flex-basis:25%\">\n<div id=\"section-g09cd5a\" class=\"wp-block-gutentor-e6 section-g09cd5a gutentor-element gutentor-element-image\"><div class=\"gutentor-element-image-box\"><a class=\"gutentor-element-image-link\" href=\"https:\/\/up-vision.eu\/mon-lumi\/\"><div class=\"gutentor-image-thumb\"><img decoding=\"async\" class=\"normal-image\" src=\"https:\/\/up-vision.eu\/wp-content\/uploads\/2022\/04\/ap_2022_bannergenerator_160x600px_rgb_72dpi.png\"\/><\/div><\/a><\/div><\/div>\n<\/div>\n\n\n\n<div class=\"wp-block-column is-layout-flow wp-block-column-is-layout-flow\" style=\"flex-basis:50%\">\n<figure class=\"wp-block-embed is-type-video is-provider-youtube wp-block-embed-youtube wp-embed-aspect-16-9 wp-has-aspect-ratio\"><div class=\"wp-block-embed__wrapper\">\n<div class=\"epyt-video-wrapper\"><iframe loading=\"lazy\"  style=\"display: block; margin: 0px auto;\"  id=\"_ytid_96167\"  width=\"640\" height=\"360\"  data-origwidth=\"640\" data-origheight=\"360\"  data-relstop=\"1\" src=\"https:\/\/www.youtube-nocookie.com\/embed\/zZwyEUSH9tE?enablejsapi=1&#038;origin=https:\/\/up-vision.eu&#038;autoplay=0&#038;cc_load_policy=0&#038;cc_lang_pref=&#038;iv_load_policy=1&#038;loop=0&#038;modestbranding=1&#038;rel=0&#038;fs=1&#038;playsinline=0&#038;autohide=2&#038;hl=en_GB&#038;theme=dark&#038;color=red&#038;controls=1&#038;\" class=\"__youtube_prefs__  epyt-is-override  no-lazyload\" title=\"YouTube player\"  allow=\"fullscreen; accelerometer; autoplay; clipboard-write; encrypted-media; gyroscope; picture-in-picture\" allowfullscreen data-no-lazy=\"1\" data-skipgform_ajax_framebjll=\"\"><\/iframe><\/div>\n<\/div><\/figure>\n<\/div>\n\n\n\n<div class=\"wp-block-column is-layout-flow wp-block-column-is-layout-flow\" style=\"flex-basis:25%\">\n<div id=\"section-g3f954e\" class=\"wp-block-gutentor-e6 section-g3f954e gutentor-element gutentor-element-image text-align-right-desktop\"><div class=\"gutentor-element-image-box\"><a class=\"gutentor-element-image-link\" href=\"https:\/\/up-vision.eu\/mon-lumi\/\"><div class=\"gutentor-image-thumb\"><img decoding=\"async\" class=\"normal-image\" src=\"https:\/\/up-vision.eu\/wp-content\/uploads\/2022\/04\/ap_2022_bannergenerator_160x600px_rgb_72dpi.png\"\/><\/div><\/a><\/div><\/div>\n<\/div>\n<\/div>\n\n\n<hr>\n\n\n<div class=\"wp-block-columns is-layout-flex wp-container-core-columns-layout-4 wp-block-columns-is-layout-flex\">\n<div class=\"wp-block-column is-layout-flow wp-block-column-is-layout-flow\" style=\"flex-basis:25%\"><\/div>\n\n\n\n<div class=\"wp-block-column is-layout-flow wp-block-column-is-layout-flow\" style=\"flex-basis:50%\">\n<h1 style=\"text-align: center;\">JETZT neu CAREDAY<\/h1>\n<h3 style=\"text-align: center;\">Das digitale schwarze Brett<\/h3>\n<\/div>\n\n\n\n<div class=\"wp-block-column is-layout-flow wp-block-column-is-layout-flow\" style=\"flex-basis:25%\">\n<div id=\"section-g48a81e\" class=\"wp-block-gutentor-e2 section-g48a81e gutentor-element gutentor-element-button button-align-left-desktop\"><span class=\"gutentor-button-wrap\"><a class=\"gutentor-button gutentor-block-button gutentor-icon-hide\" href=\"https:\/\/up-vision.eu\/kontakt\/\"><i class=\"gutentor-button-icon fas fa-book\"><\/i><span>Vorf\u00fchrung planen<\/span><\/a><\/span><\/div>\n<\/div>\n<\/div>\n\n\n\n<p class=\"has-text-align-center has-medium-font-size\" id=\"careday\"><strong>\u00dcbersicht CareDay<\/strong><\/p>\n\n\n\n<p class=\"has-text-align-center\"><\/p>\n\n\n\n<div data-wp-interactive=\"\" class=\"wp-block-file\"><object data-wp-bind--hidden=\"!selectors.core.file.hasPdfPreview\" hidden class=\"wp-block-file__embed\" data=\"https:\/\/up-vision.eu\/wp-content\/uploads\/2022\/08\/CareDay_Produktportfolio0722.pdf\" type=\"application\/pdf\" style=\"width:100%;height:600px\" aria-label=\"Embed of Einbettung von CareDay_Produktportfolio..\"><\/object><a id=\"wp-block-file--media-c86f690a-14ed-4f5d-8fd3-9c67f343e850\" href=\"https:\/\/up-vision.eu\/wp-content\/uploads\/2022\/08\/CareDay_Produktportfolio0722.pdf\">CareDay_Produktportfolio<\/a><a href=\"https:\/\/up-vision.eu\/wp-content\/uploads\/2022\/08\/CareDay_Produktportfolio0722.pdf\" class=\"wp-block-file__button\" download aria-describedby=\"wp-block-file--media-c86f690a-14ed-4f5d-8fd3-9c67f343e850\">Herunterladen<\/a><\/div>\n\n\n<hr>\n\n\n<div class=\"wp-block-columns is-layout-flex wp-container-core-columns-layout-5 wp-block-columns-is-layout-flex\">\n<div class=\"wp-block-column is-layout-flow wp-block-column-is-layout-flow\" style=\"flex-basis:25%\"><\/div>\n\n\n\n<div class=\"wp-block-column is-layout-flow wp-block-column-is-layout-flow\" style=\"flex-basis:50%\">\n<h2 style=\"text-align: center;\"><span style=\"color: #ff0000;\">MEGA AKTIONSANGEBOT BIS 31.03.2022<\/span><\/h2>\n<\/div>\n\n\n\n<div class=\"wp-block-column is-layout-flow wp-block-column-is-layout-flow\" style=\"flex-basis:25%\"><\/div>\n<\/div>\n\n\n\n<section id=\"section-cfcdb436-4bbf-499b-9c9f-e6d070ce6874\" class=\"wp-block-gutentor-image-box gutentor-section gutentor-image-wrapper imagebox-template1\"><div class=\"grid-container\"><div class=\"grid-row gutentor-grid-item-wrap\"><div class=\"gutentor-grid-column grid-lg-12 grid-md-4 grid-12\"><div class=\"gutentor-single-item gutentor-image gutentor-single-item-0 g-single-column-link-enabled\"><div class=\"gutentor-single-item-wrap\"><div class=\"gutentor-single-item-image-box\"><div class=\"gutentor-image-thumb\"><img loading=\"lazy\" decoding=\"async\" class=\"normal-image\" src=\"https:\/\/up-vision.eu\/wp-content\/uploads\/2022\/02\/AiroDoctor-Boooster-Aktion-upvision-001.jpg\" alt=\"\" height=\"1165\" width=\"1654\"\/><\/div><\/div><div class=\"gutentor-single-item-content\"><\/div><\/div><a class=\"gutentor-single-item-box-link gutentor-link\" href=\"https:\/\/up-vision.eu\/airodoctor\/\"><\/a><\/div><\/div><div class=\"gutentor-grid-column grid-lg-12 grid-md-4 grid-12\"><div class=\"gutentor-single-item gutentor-image gutentor-single-item-1 g-single-column-link-enabled\"><div class=\"gutentor-single-item-wrap\"><div class=\"gutentor-single-item-image-box\"><div class=\"gutentor-image-thumb\"><img loading=\"lazy\" decoding=\"async\" class=\"normal-image\" src=\"https:\/\/up-vision.eu\/wp-content\/uploads\/2022\/02\/AiroDoctor-Boooster-Aktion-upvision-002.jpg\" alt=\"\" height=\"1165\" width=\"1654\"\/><\/div><\/div><div class=\"gutentor-single-item-content\"><\/div><\/div><a class=\"gutentor-single-item-box-link gutentor-link\" href=\"https:\/\/up-vision.eu\/wp-content\/uploads\/2022\/02\/AiroDoctor-Boooster-Aktion-upvision-002.jpg\"><\/a><\/div><\/div><\/div><\/div><\/section>\n","protected":false},"excerpt":{"rendered":"<p>\u00c4rgern Sie sich auch \u00fcber die gestiegenen Energiekosten und fragen sich wie Sie noch mehr Strom sparen k\u00f6nnen? Mit AVoIPoE bieten wir Ihnen Komplettl\u00f6sungen mit denen Sie bis zu 30% weniger Strom verbrauchen ohne dabei Leistung einzub\u00fc\u00dfen. upvision \u00fcbernimmt die distribution von sy-electronics! Infos, Produkte und mehr, werden wir in den n\u00e4chsten Wochen auf unserer Seite ver\u00f6ffentlichen. Wer vorab eine Preisliste und\/oder Brosch\u00fcren erhalten m\u00f6chte schickt uns einfach ein Mail&hellip;<\/p>\n","protected":false},"author":1,"featured_media":0,"parent":0,"menu_order":0,"comment_status":"closed","ping_status":"closed","template":"","meta":{"footnotes":""},"translation":{"provider":"WPGlobus","version":"2.12.2","language":"gb","enabled_languages":["de","gb"],"languages":{"de":{"title":true,"content":true,"excerpt":false},"gb":{"title":false,"content":false,"excerpt":false}}},"_links":{"self":[{"href":"https:\/\/up-vision.eu\/gb\/wp-json\/wp\/v2\/pages\/787"}],"collection":[{"href":"https:\/\/up-vision.eu\/gb\/wp-json\/wp\/v2\/pages"}],"about":[{"href":"https:\/\/up-vision.eu\/gb\/wp-json\/wp\/v2\/types\/page"}],"author":[{"embeddable":true,"href":"https:\/\/up-vision.eu\/gb\/wp-json\/wp\/v2\/users\/1"}],"replies":[{"embeddable":true,"href":"https:\/\/up-vision.eu\/gb\/wp-json\/wp\/v2\/comments?post=787"}],"version-history":[{"count":27,"href":"https:\/\/up-vision.eu\/gb\/wp-json\/wp\/v2\/pages\/787\/revisions"}],"predecessor-version":[{"id":2513,"href":"https:\/\/up-vision.eu\/gb\/wp-json\/wp\/v2\/pages\/787\/revisions\/2513"}],"wp:attachment":[{"href":"https:\/\/up-vision.eu\/gb\/wp-json\/wp\/v2\/media?parent=787"}],"curies":[{"name":"wp","href":"https:\/\/api.w.org\/{rel}","templated":true}]}}