{"id":812,"date":"2021-01-28T17:16:46","date_gmt":"2021-01-28T17:16:46","guid":{"rendered":"https:\/\/up-vision.eu\/?page_id=812"},"modified":"2022-02-02T16:01:17","modified_gmt":"2022-02-02T16:01:17","slug":"airodoctor","status":"publish","type":"page","link":"https:\/\/up-vision.eu\/gb\/airodoctor\/","title":{"rendered":"AiroDoctor"},"content":{"rendered":"\n<p><\/p>\n\n\n\n<div class=\"wp-block-columns is-layout-flex wp-container-core-columns-layout-1 wp-block-columns-is-layout-flex\">\n<div class=\"wp-block-column is-layout-flow wp-block-column-is-layout-flow\" style=\"flex-basis:25%\"><\/div>\n\n\n\n<div class=\"wp-block-column is-layout-flow wp-block-column-is-layout-flow\" style=\"flex-basis:50%\">\n<div id=\"section-g87f3be\" class=\"wp-block-gutentor-e6 alignfull section-g87f3be gutentor-element gutentor-element-image\"><div class=\"gutentor-element-image-box\"><div class=\"gutentor-image-thumb\"><img decoding=\"async\" class=\"normal-image\" src=\"https:\/\/up-vision.eu\/wp-content\/uploads\/2021\/07\/AiroDoctor_Logo.png\"\/><\/div><\/div><\/div>\n<\/div>\n\n\n\n<div class=\"wp-block-column is-layout-flow wp-block-column-is-layout-flow\" style=\"flex-basis:25%\"><\/div>\n<\/div>\n\n\n\n<p><\/p>\n\n\n<hr>\n<h2 style=\"text-align: center;\">Es ist schwer Etwas zu bek\u00e4mpfen, das wir nicht wahrnehmen k\u00f6nnen. Aus diesem Grund wurde der AiroDoctor entwickelt&nbsp;<\/h2>\n<p><\/p>\n<hr>\n<p style=\"text-align: center;\">\n<\/p><h3 style=\"text-align: center;\">&nbsp;<\/h3>\n\n\n<div class=\"wp-block-columns is-layout-flex wp-container-core-columns-layout-2 wp-block-columns-is-layout-flex\">\n<div class=\"wp-block-column is-layout-flow wp-block-column-is-layout-flow\" style=\"flex-basis:25%\"><\/div>\n\n\n\n<div class=\"wp-block-column is-layout-flow wp-block-column-is-layout-flow\" style=\"flex-basis:50%\">\n<h1 style=\"text-align: center;\">MEGA PREISAKTION F\u00dcR IHREN ERSTEN AIRODOCTOR!<\/h1>\n<h1 style=\"text-align: center;\">NUR\u00a0<span style=\"color: #ff0000;\">2200,- \u20ac*\/netto inkl. Lieferung und 30 Tage R\u00fcckgaberecht!<\/span><\/h1>\n<p style=\"text-align: center;\"><strong>*Angebot gilt nur f\u00fcr ein Ger\u00e4t pro Kunde\u00a0<\/strong><\/p>\n<\/div>\n\n\n\n<div class=\"wp-block-column is-layout-flow wp-block-column-is-layout-flow\" style=\"flex-basis:25%\"><\/div>\n<\/div>\n\n\n\n<div class=\"wp-block-columns is-layout-flex wp-container-core-columns-layout-3 wp-block-columns-is-layout-flex\">\n<div class=\"wp-block-column is-layout-flow wp-block-column-is-layout-flow\">\n<h1>\u00a0<\/h1>\n<h1 style=\"text-align: right;\"><span style=\"color: #ff0000;\">Jetzt f\u00fcr <del>2990<\/del>,-\u20ac\/netto<\/span><\/h1>\n<p>\u00a0<\/p>\n<p style=\"text-align: right;\"><span style=\"color: #999999;\"><del>3558,10<\/del> \u20ac\/brutto<\/span><\/p>\n<p style=\"text-align: left;\">Bereiten Sie sich auf den Herbst, die n\u00e4chste Grippewelle und CORONA vor. Der Einsatz des AiroDoctors gew\u00e4hrleistet einen nahezu risikolosen Pr\u00e4senzunterricht auch nach den Sommerferien!<\/p>\n<p>Setzen Sie den AiroDoctor in Pflegeeinrichtungen, Arztpraxen, Apotheken, \u00f6ffentlichen Einrichtungen oder B\u00fcror\u00e4umen ein und atmen Sie tief durch! Egal ob Viren wie Corona und Influenza oder auch nur der Geruch des Mittagessens der Kollegen, werden eliminiert und sorgen f\u00fcr sichere und saubere Umgebungsluft.<\/p>\n<h3>Der AiroDoctor ist f\u00f6rderbar!<\/h3>\n<p>Folgendes Schreiben zeigt Ihnen die Voraussetzungen auf:\u00a0<\/p>\n<h3 style=\"text-align: center;\">\u00a0<\/h3>\n\n\n\n<div class=\"wp-block-file\"><a id=\"wp-block-file--media-19a74269-315d-40fb-8fc5-0d72886aab79\" href=\"https:\/\/up-vision.eu\/wp-content\/uploads\/2021\/08\/aktuelle-foerdermassnahmen.pdf\">aktuelle-foerdermassnahmen<\/a><a href=\"https:\/\/up-vision.eu\/wp-content\/uploads\/2021\/08\/aktuelle-foerdermassnahmen.pdf\" class=\"wp-block-file__button\" download aria-describedby=\"wp-block-file--media-19a74269-315d-40fb-8fc5-0d72886aab79\"><span style=\"color:#c4ff0e\" class=\"tadv-color\">Herunterladen<\/span><\/a><\/div>\n<\/div>\n\n\n\n<div class=\"wp-block-column is-layout-flow wp-block-column-is-layout-flow\">\n<section id=\"section-f26c9fd6-13b8-44cb-a001-9b4e60348e19\" class=\"wp-block-gutentor-image-box gutentor-section gutentor-image-wrapper imagebox-template1\"><div class=\"grid-container\"><div class=\"grid-row gutentor-grid-item-wrap\"><div class=\"gutentor-grid-column grid-lg-12 grid-md-4 grid-12\"><div class=\"gutentor-single-item gutentor-image gutentor-single-item-0 g-single-column-link-enabled\"><div class=\"gutentor-single-item-wrap\"><div class=\"gutentor-single-item-image-box\"><div class=\"gutentor-image-thumb\"><img decoding=\"async\" class=\"normal-image\" src=\"https:\/\/up-vision.eu\/wp-content\/uploads\/2022\/02\/AiroDoctor-Boooster-Aktion-upvision-001.jpg\" alt=\"\"\/><\/div><\/div><div class=\"gutentor-single-item-content\"><h3 class=\"gutentor-single-item-title\"><\/h3><\/div><\/div><a class=\"gutentor-single-item-box-link gutentor-link\" href=\"https:\/\/up-vision.eu\/wp-content\/uploads\/2022\/02\/AiroDoctor-Boooster-Aktion-upvision-001.jpg\"><\/a><\/div><\/div><\/div><\/div><\/section>\n<\/div>\n<\/div>\n\n\n\n<div class=\"wp-block-file aligncenter\"><a id=\"wp-block-file--media-fe945648-9d8f-41a7-96b2-07a3f2316e28\" href=\"https:\/\/up-vision.eu\/wp-content\/uploads\/2021\/02\/AiroDoctor_Datenblatt_UpVision.pdf\">Datenblatt AiroDoctor<\/a><a href=\"https:\/\/up-vision.eu\/wp-content\/uploads\/2021\/02\/AiroDoctor_Datenblatt_UpVision.pdf\" class=\"wp-block-file__button\" download aria-describedby=\"wp-block-file--media-fe945648-9d8f-41a7-96b2-07a3f2316e28\"><span style=\"color:#c4ff0e\" class=\"tadv-color\">Download<\/span><\/a><\/div>\n\n\n\n<div class=\"wp-block-columns is-layout-flex wp-container-core-columns-layout-5 wp-block-columns-is-layout-flex\">\n<div class=\"wp-block-column is-layout-flow wp-block-column-is-layout-flow\">\n<div class=\"wp-block-columns is-layout-flex wp-container-core-columns-layout-4 wp-block-columns-is-layout-flex\">\n<div class=\"wp-block-column is-layout-flow wp-block-column-is-layout-flow\">\n<p><strong>I<\/strong>n vielen R\u00e4umen atmen wir giftigen Feinstaub und sch\u00e4dliche Gase, allergene Sporen und Pollen, infekti\u00f6se Aerosole von Viren und Bakterien ein. Und das \u00f6fter, als wir denken. Besonders die Verbreitung von Krankheiten durch Aerosole haben die anhaltende Pandemie in den letzten Monaten weiter vorangetrieben. Sch\u00fctzen Sie sich und ihr Umfeld indem Sie Ihre Umgebungsluft von allen Schadstoffen befreien.<\/p>\n<p><strong>Dank innovativem UV-LED-Photokatalyse-Filter entfernt der AiroDoctor 99,9% aller Viren, Bakterien <\/strong><strong>und Ger\u00fcche. Und das ohne sch\u00e4dliche R\u00fcckst\u00e4nde oder die Verwendung von Chemikalien!<\/strong><\/p>\n<p>Der AiroDoctor ist ideal f\u00fcr den Einsatz in Bildungseinrichtungen, Arztpraxen, Apotheken, \u00f6ffentlichen Geb\u00e4uden und filtert die Schadstoffe nicht nur aus der Luft, sondern vernichtet sie auch gleich.&nbsp;<\/p>\n\n\n\n<div id=\"section-gf0d496\" class=\"wp-block-gutentor-e2 section-gf0d496 gutentor-element gutentor-element-button\"><span class=\"gutentor-button-wrap\"><a class=\"gutentor-button gutentor-block-button gutentor-icon-hide\" href=\"mailto:Bestellung@up-vision.eu\" target=\"_blank\" rel=\"noopener noreferrer\"><i class=\"gutentor-button-icon fas fa-book\"><\/i><span>Jetzt bestellen<\/span><\/a><\/span><\/div>\n<\/div>\n\n\n\n<div class=\"wp-block-column is-layout-flow wp-block-column-is-layout-flow\">\n<div id=\"section-gb0b84b\" class=\"wp-block-gutentor-e6 section-gb0b84b gutentor-element gutentor-element-image text-align-center-desktop\"><div class=\"gutentor-element-image-box\"><a class=\"gutentor-element-image-link\" href=\"https:\/\/up-vision.eu\/wp-content\/uploads\/2021\/02\/AD_Titel.png\"><div class=\"gutentor-image-thumb\"><img decoding=\"async\" class=\"normal-image\" src=\"https:\/\/up-vision.eu\/wp-content\/uploads\/2021\/02\/AD_Titel.png\"\/><\/div><\/a><\/div><\/div>\n<\/div>\n<\/div>\n<\/div>\n<\/div>\n\n\n<hr>\n\n\n<div class=\"wp-block-columns is-layout-flex wp-container-core-columns-layout-6 wp-block-columns-is-layout-flex\">\n<div class=\"wp-block-column is-layout-flow wp-block-column-is-layout-flow\">\n<div id=\"section-g2dc059\" class=\"wp-block-gutentor-e6 section-g2dc059 gutentor-element gutentor-element-image\"><div class=\"gutentor-element-image-box\"><a class=\"gutentor-element-image-link\" href=\"https:\/\/up-vision.eu\/wp-content\/uploads\/2021\/02\/Bild_2021-02-02_162652.png\"><div class=\"gutentor-image-thumb\"><img decoding=\"async\" class=\"normal-image\" src=\"https:\/\/up-vision.eu\/wp-content\/uploads\/2021\/02\/Bild_2021-02-02_162652.png\"\/><\/div><\/a><\/div><\/div>\n<\/div>\n\n\n\n<div class=\"wp-block-column is-layout-flow wp-block-column-is-layout-flow\">\n<p><\/p>\n<p><strong>D<\/strong>er AiroDoctor reinigt die Raumluft mit einem innovativen 4-Stufen Filtersystem. Die Kombination aus&nbsp;<strong>Vor-, Kohle-, HEPA- und photokatalytischem LED-Filte<\/strong>r entfernt nicht nur grobe Partikel, wie Staub, Haare und Fasern, sondern auch Chemikalien, Ger\u00fcche, Schadstoffe sowie Pilze, Bakterien und Viren aus der Luft.<\/p>\n\n\n\n<p><\/p>\n<p><strong>Was ist Photokatalyse?<\/strong><br>Photokatalyse bezeichnet eine durch Licht ausgel\u00f6ste chemische Reaktion. Titandioxid (TiO2) wird mit UV-Licht bestrahlt, was alle organischen Verbindungen auf dieser Oberfl\u00e4che absterben l\u00e4sst.<\/p>\n<\/div>\n<\/div>\n\n\n<hr>\n<p>Der AiroDoctor absorbiert und neutralisiert auch kleinste Partikel mit einem Durchmesser von 0,1\u03bcm. Das Ger\u00e4t liefert 480 m3\/h gereinigte Luft. Somit ist der AiroDoctor f\u00fcr R\u00e4ume bis 200 qm ausgelegt.<\/p>\n\n\n<div class=\"wp-block-columns is-layout-flex wp-container-core-columns-layout-7 wp-block-columns-is-layout-flex\">\n<div class=\"wp-block-column is-layout-flow wp-block-column-is-layout-flow\">\n<div id=\"section-gee824d\" class=\"wp-block-gutentor-e6 section-gee824d gutentor-element gutentor-element-image\"><div class=\"gutentor-element-image-box\"><a class=\"gutentor-element-image-link\" href=\"https:\/\/up-vision.eu\/wp-content\/uploads\/2021\/02\/AirroDoctor_Bedienung.png\"><div class=\"gutentor-image-thumb\"><img decoding=\"async\" class=\"normal-image\" src=\"https:\/\/up-vision.eu\/wp-content\/uploads\/2021\/02\/AirroDoctor_Bedienung.png\"\/><\/div><\/a><\/div><\/div>\n<\/div>\n\n\n\n<div class=\"wp-block-column is-layout-flow wp-block-column-is-layout-flow\">\n<h5>&nbsp;<\/h5>\n<h5>&nbsp;<\/h5>\n<h5>&nbsp;<\/h5>\n<h5>&nbsp;<\/h5>\n<h5>Einfachste Handhabung:<\/h5>\n<p>Plug &amp; Play! Eine Steckdose ist das Einzige, was Sie ben\u00f6tigen um k\u00fcnftig nahezu keimfreie Luft zu atmen. \u00dcber die einfache und komfortable Touch-Bedienung werden Einstellungen get\u00e4tigt und notwendige Hinweise angezeigt.<br>&#8211; Timer-Funktion<br>&#8211; Automatik-Regelung<br>&#8211; Anzeige Luftqualit\u00e4t<br>&#8211; Kindersicherung<br>&#8211; Anzeige Filterwechsel<\/p>\n\n\n\n<p>Im weiteren Verlauf finden Sie noch einige interessante Videos sowie den Produktkatalog und Studien zum Download: <\/p>\n<\/div>\n<\/div>\n\n\n<hr>\n\n\n<div class=\"wp-block-columns is-layout-flex wp-container-core-columns-layout-8 wp-block-columns-is-layout-flex\">\n<div class=\"wp-block-column is-layout-flow wp-block-column-is-layout-flow\">\n<div class=\"wp-block-file\"><a id=\"wp-block-file--media-2eb8e0fc-5b78-4aef-8693-2063d5dd7e0c\" href=\"https:\/\/up-vision.eu\/wp-content\/uploads\/2021\/02\/Airodoctor_Katalog_UpVision.pdf\">Airodoctor_Katalog<\/a><a href=\"https:\/\/up-vision.eu\/wp-content\/uploads\/2021\/02\/Airodoctor_Katalog_UpVision.pdf\" class=\"wp-block-file__button\" download aria-describedby=\"wp-block-file--media-2eb8e0fc-5b78-4aef-8693-2063d5dd7e0c\"><span style=\"color:#c4ff0e\" class=\"tadv-color\">Download<\/span><\/a><\/div>\n<\/div>\n\n\n\n<div class=\"wp-block-column is-layout-flow wp-block-column-is-layout-flow\">\n<div class=\"wp-block-file\"><a id=\"wp-block-file--media-2905074f-890c-47db-b885-bf4fcd13b57f\" href=\"https:\/\/up-vision.eu\/wp-content\/uploads\/2021\/02\/airodoctor-presentation-scientific-proof-en-v1.4-1.pdf\">Studie (engl.)<\/a><a href=\"https:\/\/up-vision.eu\/wp-content\/uploads\/2021\/02\/airodoctor-presentation-scientific-proof-en-v1.4-1.pdf\" class=\"wp-block-file__button\" download aria-describedby=\"wp-block-file--media-2905074f-890c-47db-b885-bf4fcd13b57f\"><span style=\"color:#c4ff0e\" class=\"tadv-color\">Download<\/span><\/a><\/div>\n<\/div>\n<\/div>\n\n\n<hr \/>\n\n\n<figure class=\"wp-block-embed aligncenter is-type-video is-provider-youtube wp-block-embed-youtube wp-embed-aspect-16-9 wp-has-aspect-ratio\"><div class=\"wp-block-embed__wrapper\">\n<div class=\"epyt-video-wrapper\"><iframe loading=\"lazy\"  style=\"display: block; margin: 0px auto;\"  id=\"_ytid_47370\"  width=\"640\" height=\"360\"  data-origwidth=\"640\" data-origheight=\"360\"  data-relstop=\"1\" src=\"https:\/\/www.youtube-nocookie.com\/embed\/TZyBzm9XK1I?enablejsapi=1&#038;origin=https:\/\/up-vision.eu&#038;autoplay=0&#038;cc_load_policy=0&#038;cc_lang_pref=&#038;iv_load_policy=1&#038;loop=0&#038;modestbranding=1&#038;rel=0&#038;fs=1&#038;playsinline=0&#038;autohide=2&#038;hl=en_GB&#038;theme=dark&#038;color=red&#038;controls=1&#038;\" class=\"__youtube_prefs__  epyt-is-override  no-lazyload\" title=\"YouTube player\"  allow=\"fullscreen; accelerometer; autoplay; clipboard-write; encrypted-media; gyroscope; picture-in-picture\" allowfullscreen data-no-lazy=\"1\" data-skipgform_ajax_framebjll=\"\"><\/iframe><\/div>\n<\/div><\/figure>\n\n\n\n<div class=\"wp-block-columns is-layout-flex wp-container-core-columns-layout-9 wp-block-columns-is-layout-flex\">\n<div class=\"wp-block-column is-layout-flow wp-block-column-is-layout-flow\">\n<figure class=\"wp-block-embed is-type-video is-provider-youtube wp-block-embed-youtube wp-embed-aspect-16-9 wp-has-aspect-ratio\"><div class=\"wp-block-embed__wrapper\">\n<div class=\"epyt-video-wrapper\"><iframe loading=\"lazy\"  style=\"display: block; margin: 0px auto;\"  id=\"_ytid_12580\"  width=\"640\" height=\"360\"  data-origwidth=\"640\" data-origheight=\"360\"  data-relstop=\"1\" src=\"https:\/\/www.youtube-nocookie.com\/embed\/DH3fWoefhJI?enablejsapi=1&#038;origin=https:\/\/up-vision.eu&#038;autoplay=0&#038;cc_load_policy=0&#038;cc_lang_pref=&#038;iv_load_policy=1&#038;loop=0&#038;modestbranding=1&#038;rel=0&#038;fs=1&#038;playsinline=0&#038;autohide=2&#038;hl=en_GB&#038;theme=dark&#038;color=red&#038;controls=1&#038;\" class=\"__youtube_prefs__  epyt-is-override  no-lazyload\" title=\"YouTube player\"  allow=\"fullscreen; accelerometer; autoplay; clipboard-write; encrypted-media; gyroscope; picture-in-picture\" allowfullscreen data-no-lazy=\"1\" data-skipgform_ajax_framebjll=\"\"><\/iframe><\/div>\n<\/div><\/figure>\n<\/div>\n\n\n\n<div class=\"wp-block-column is-layout-flow wp-block-column-is-layout-flow\">\n<figure class=\"wp-block-embed is-type-video is-provider-youtube wp-block-embed-youtube wp-embed-aspect-16-9 wp-has-aspect-ratio\"><div class=\"wp-block-embed__wrapper\">\n<div class=\"epyt-video-wrapper\"><iframe loading=\"lazy\"  style=\"display: block; margin: 0px auto;\"  id=\"_ytid_34162\"  width=\"640\" height=\"360\"  data-origwidth=\"640\" data-origheight=\"360\"  data-relstop=\"1\" src=\"https:\/\/www.youtube-nocookie.com\/embed\/tKG1w0EsS6M?enablejsapi=1&#038;origin=https:\/\/up-vision.eu&#038;autoplay=0&#038;cc_load_policy=0&#038;cc_lang_pref=&#038;iv_load_policy=1&#038;loop=0&#038;modestbranding=1&#038;rel=0&#038;fs=1&#038;playsinline=0&#038;autohide=2&#038;hl=en_GB&#038;theme=dark&#038;color=red&#038;controls=1&#038;\" class=\"__youtube_prefs__  epyt-is-override  no-lazyload\" title=\"YouTube player\"  allow=\"fullscreen; accelerometer; autoplay; clipboard-write; encrypted-media; gyroscope; picture-in-picture\" allowfullscreen data-no-lazy=\"1\" data-skipgform_ajax_framebjll=\"\"><\/iframe><\/div>\n<\/div><\/figure>\n<\/div>\n<\/div>\n\n\n\n<figure class=\"wp-block-embed is-type-video is-provider-youtube wp-block-embed-youtube wp-embed-aspect-16-9 wp-has-aspect-ratio\"><div class=\"wp-block-embed__wrapper\">\n<div class=\"epyt-video-wrapper\"><iframe loading=\"lazy\"  style=\"display: block; margin: 0px auto;\"  id=\"_ytid_98553\"  width=\"640\" height=\"360\"  data-origwidth=\"640\" data-origheight=\"360\"  data-relstop=\"1\" src=\"https:\/\/www.youtube-nocookie.com\/embed\/0UtsnoZKc6w?enablejsapi=1&#038;origin=https:\/\/up-vision.eu&#038;autoplay=0&#038;cc_load_policy=0&#038;cc_lang_pref=&#038;iv_load_policy=1&#038;loop=0&#038;modestbranding=1&#038;rel=0&#038;fs=1&#038;playsinline=0&#038;autohide=2&#038;hl=en_GB&#038;theme=dark&#038;color=red&#038;controls=1&#038;\" class=\"__youtube_prefs__  epyt-is-override  no-lazyload\" title=\"YouTube player\"  allow=\"fullscreen; accelerometer; autoplay; clipboard-write; encrypted-media; gyroscope; picture-in-picture\" allowfullscreen data-no-lazy=\"1\" data-skipgform_ajax_framebjll=\"\"><\/iframe><\/div>\n<\/div><\/figure>\n","protected":false},"excerpt":{"rendered":"<p>Es ist schwer Etwas zu bek\u00e4mpfen, das wir nicht wahrnehmen k\u00f6nnen. Aus diesem Grund wurde der AiroDoctor entwickelt&nbsp; &nbsp; MEGA PREISAKTION F\u00dcR IHREN ERSTEN AIRODOCTOR! NUR\u00a02200,- \u20ac*\/netto inkl. Lieferung und 30 Tage R\u00fcckgaberecht! *Angebot gilt nur f\u00fcr ein Ger\u00e4t pro Kunde\u00a0 \u00a0 Jetzt f\u00fcr 2990,-\u20ac\/netto \u00a0 3558,10 \u20ac\/brutto Bereiten Sie sich auf den Herbst, die n\u00e4chste Grippewelle und CORONA vor. Der Einsatz des AiroDoctors gew\u00e4hrleistet einen nahezu risikolosen Pr\u00e4senzunterricht auch&hellip;<\/p>\n","protected":false},"author":1,"featured_media":0,"parent":0,"menu_order":0,"comment_status":"closed","ping_status":"closed","template":"","meta":{"footnotes":""},"translation":{"provider":"WPGlobus","version":"2.12.2","language":"gb","enabled_languages":["de","gb"],"languages":{"de":{"title":true,"content":true,"excerpt":false},"gb":{"title":false,"content":false,"excerpt":false}}},"_links":{"self":[{"href":"https:\/\/up-vision.eu\/gb\/wp-json\/wp\/v2\/pages\/812"}],"collection":[{"href":"https:\/\/up-vision.eu\/gb\/wp-json\/wp\/v2\/pages"}],"about":[{"href":"https:\/\/up-vision.eu\/gb\/wp-json\/wp\/v2\/types\/page"}],"author":[{"embeddable":true,"href":"https:\/\/up-vision.eu\/gb\/wp-json\/wp\/v2\/users\/1"}],"replies":[{"embeddable":true,"href":"https:\/\/up-vision.eu\/gb\/wp-json\/wp\/v2\/comments?post=812"}],"version-history":[{"count":44,"href":"https:\/\/up-vision.eu\/gb\/wp-json\/wp\/v2\/pages\/812\/revisions"}],"predecessor-version":[{"id":2335,"href":"https:\/\/up-vision.eu\/gb\/wp-json\/wp\/v2\/pages\/812\/revisions\/2335"}],"wp:attachment":[{"href":"https:\/\/up-vision.eu\/gb\/wp-json\/wp\/v2\/media?parent=812"}],"curies":[{"name":"wp","href":"https:\/\/api.w.org\/{rel}","templated":true}]}}