{"id":876,"date":"2021-02-03T09:19:13","date_gmt":"2021-02-03T09:19:13","guid":{"rendered":"https:\/\/up-vision.eu\/?page_id=876"},"modified":"2021-02-23T12:42:14","modified_gmt":"2021-02-23T12:42:14","slug":"cookie-policy","status":"publish","type":"page","link":"https:\/\/up-vision.eu\/gb\/cookie-policy\/","title":{"rendered":"Cookie Policy"},"content":{"rendered":"<div class=\"cli_pg_page_contaner\">\n<h3>Cookie Richtlinie<\/h3>\n<div>Diese Cookie-Richtlinie erkl\u00e4rt, was Cookies sind und wie wir sie verwenden, welche Arten von Cookies wir verwenden, welche Informationen wir mithilfe von Cookies sammeln und wie diese Informationen verwendet werden und wie Sie die Cookie-Einstellungen steuern k\u00f6nnen. Weitere Informationen dar\u00fcber, wie wir Ihre pers\u00f6nlichen Daten verwenden, speichern und sicher aufbewahren, finden Sie in unserer <a href=\"https:\/\/up-vision.eu\/datenschutzerklaerung\/\">Datenschutzerkl\u00e4rung<\/a>. Sie k\u00f6nnen Ihre Einwilligung in der Cookie-Erkl\u00e4rung auf unserer Website jederzeit \u00e4ndern oder widerrufen. Erfahren Sie mehr dar\u00fcber, wie Sie uns kontaktieren k\u00f6nnen und wie wir personenbezogene Daten verarbeiten, in unserer Datenschutzerkl\u00e4rung.<\/div>\n<div>Ihre Zustimmung gilt f\u00fcr die folgenden Domain: up-vision.eu<\/div>\n<div>[user_consent_state]<\/div>\n<h3>Was sind Cookies?<\/h3>\n<p>Cookies sind kleine Textdateien, die dazu dienen, Informationen zu speichern. Sie werden auf Ihrem Ger\u00e4t gespeichert, wenn die Website in Ihrem Browser geladen wird. Diese Cookies helfen uns, die Website ordnungsgem\u00e4\u00df funktionieren zu lassen, sie sicherer zu machen, eine bessere Benutzererfahrung zu bieten und zu verstehen, wie die Website funktioniert und zu analysieren, was funktioniert und wo sie verbessert werden muss.<\/p>\n<h3>Wie verwenden wir Cookies?<\/h3>\n<div>Wie die meisten Online-Dienste verwendet auch unsere Website Erstanbieter- und Drittanbieter-Cookies f\u00fcr verschiedene Zwecke. Cookies von Erstanbietern sind meist notwendig, damit die Website richtig funktioniert. Wir sammeln keine personenbezogenen Daten von Ihnen. Die Cookies von Drittanbietern, die auf unserer Website verwendet werden, dienen haupts\u00e4chlich dazu, zu verstehen, wie die Website funktioniert, wie Sie mit unserer Website interagieren, unsere Dienste sicher zu halten, Werbung bereitzustellen, die f\u00fcr Sie relevant ist, und alles in allem Ihnen eine bessere und verbesserte Benutzererfahrung zu bieten und Ihre zuk\u00fcnftigen Interaktionen mit unserer Website zu beschleunigen.<\/div>\n<h3>Folgende Arten von Cookies verwenden wir:<\/h3>\n<div>\n<p><strong>Essenziell:<\/strong> Einige Cookies sind unerl\u00e4sslich, damit Sie die volle Funktionalit\u00e4t unserer Website nutzen k\u00f6nnen. Sie erm\u00f6glichen es uns, Benutzersitzungen aufrechtzuerhalten und eventuelle Sicherheitsbedrohungen zu verhindern. Sie sammeln oder speichern keine pers\u00f6nlichen Informationen. Diese Cookies erm\u00f6glichen es Ihnen zum Beispiel, sich bei Ihrem Konto anzumelden, Produkte in Ihren Warenkorb zu legen und sicher zur Kasse zu gehen.<\/p>\n<p><strong>Statistik:<\/strong> Diese Cookies speichern Informationen wie die Anzahl der Besucher der Website, die Anzahl der eindeutigen Besucher, welche Seiten der Website besucht wurden, die Quelle des Besuchs, usw. Diese Daten helfen uns zu verstehen und zu analysieren, wie gut die Website funktioniert und wo sie verbessert werden muss.<\/p>\n<p><strong>Marketing:<\/strong> Auf unserer Website wird Werbung angezeigt. Diese Cookies werden verwendet, um die Werbung, die wir Ihnen zeigen, so zu personalisieren, dass sie f\u00fcr Sie sinnvoll ist. Diese Cookies helfen uns auch, die Effizienz dieser Werbekampagnen zu verfolgen. Die in diesen Cookies gespeicherten Informationen k\u00f6nnen auch von den Drittanbietern von Werbung verwendet werden, um Ihnen Werbung auch auf anderen Websites im Browser anzuzeigen.<\/p>\n<p><strong>Funktional:<\/strong> Dies sind die Cookies, die bestimmte nicht-essentielle Funktionalit\u00e4ten auf unserer Website unterst\u00fctzen. Zu diesen Funktionalit\u00e4ten geh\u00f6ren das Einbetten von Inhalten wie Videos oder das Teilen von Inhalten der Website auf Social-Media-Plattformen.Pr\u00e4ferenzen: Diese Cookies helfen uns, Ihre Einstellungen und Browsing-Pr\u00e4ferenzen wie Sprachpr\u00e4ferenzen zu speichern, damit Sie bei zuk\u00fcnftigen Besuchen der Website ein besseres und effizienteres Erlebnis haben.<\/p>\n<p>Folgende Cookies werden auf unserer Website verwendet:<\/p>\n<ul>\n<li>YouTube &#8211; zur Wiedergabe, externer Inhalte<\/li>\n<li>GDPR cookie consent &#8211; Verwaltung der Cookies<\/li>\n<li>WPSettings &#8211; Betreiben der Website<\/li>\n<li>WPGlobal &#8211; F\u00fcr die multilinguale Bereitstellung der Website<\/li>\n<\/ul>\n<p>Unter fogendem Link, k\u00f6nnen Sie Ihre bisherigen Entscheidungen einsehen:<\/p>\n<a href=\"#consent-history\" id=\"rcb-sc-link-history\" data-success-message=\"\" class=\"rcb-sc-link rcb-sc-link-history \">Historie der Cookie-Einstellungen<\/a>\n<\/div>\n<h3>Wie kann ich meine Cookie Einstellungen \u00e4ndern?<\/h3>\n<div>\n<p>Sollten Sie sich entscheiden, Ihre Einstellungen sp\u00e4ter w\u00e4hrend Ihrer Browsing-Sitzung zu \u00e4ndern, k\u00f6nnen Sie auf auf den folgenden Link klicken:<\/p>\n<p><a href=\"#consent-change\" id=\"rcb-sc-link-change\" data-success-message=\"\" class=\"rcb-sc-link rcb-sc-link-change \">Cookie-Einstellungen \u00e4ndern<\/a>.<\/p>\n<p>Dadurch wird der Hinweis auf die Einwilligung erneut angezeigt, so dass Sie Ihre Einstellungen \u00e4ndern oder Ihre Einwilligung vollst\u00e4ndig widerrufen k\u00f6nnen.<\/p>\n<p>Sie k\u00f6nnen ihre Entscheidungen komplett widerrufen, indem Sie folgenden Link verwenden:<\/p>\n<a href=\"#consent-revoke\" id=\"rcb-sc-link-revoke\" data-success-message=\"Du hast die Cookie-Einwilligung erfolgreich widerrufen. Die Seite wird nun neu geladen.\" class=\"rcb-sc-link rcb-sc-link-revoke \">Einwilligungen widerrufen<\/a>\n<p>\u00a0<\/p>\n<p>Dar\u00fcber hinaus bieten verschiedene Browser unterschiedliche Methoden zum Blockieren und L\u00f6schen von Cookies, die von Websites verwendet werden. Sie k\u00f6nnen die Einstellungen Ihres Browsers \u00e4ndern, um die Cookies zu blockieren\/l\u00f6schen. Um mehr dar\u00fcber zu erfahren, wie Sie Cookies verwalten und l\u00f6schen k\u00f6nnen, besuchen Sie <a href=\"https:\/\/de.wikipedia.org\/wiki\/Cookie_(Begriffskl\u00e4rung)\">wikipedia.org<\/a>, oder <a href=\"https:\/\/www.allaboutcookies.org\">www.allaboutcookies.org<\/a>.<\/p>\n<\/div>\n<\/div>\n\n\n<p><\/p>\n","protected":false},"excerpt":{"rendered":"<p>Cookie Richtlinie Diese Cookie-Richtlinie erkl\u00e4rt, was Cookies sind und wie wir sie verwenden, welche Arten von Cookies wir verwenden, welche Informationen wir mithilfe von Cookies sammeln und wie diese Informationen verwendet werden und wie Sie die Cookie-Einstellungen steuern k\u00f6nnen. Weitere Informationen dar\u00fcber, wie wir Ihre pers\u00f6nlichen Daten verwenden, speichern und sicher aufbewahren, finden Sie in unserer Datenschutzerkl\u00e4rung. Sie k\u00f6nnen Ihre Einwilligung in der Cookie-Erkl\u00e4rung auf unserer Website jederzeit \u00e4ndern oder&hellip;<\/p>\n","protected":false},"author":1,"featured_media":0,"parent":0,"menu_order":0,"comment_status":"closed","ping_status":"closed","template":"","meta":{"footnotes":""},"translation":{"provider":"WPGlobus","version":"2.12.2","language":"gb","enabled_languages":["de","gb"],"languages":{"de":{"title":true,"content":true,"excerpt":false},"gb":{"title":true,"content":false,"excerpt":false}}},"_links":{"self":[{"href":"https:\/\/up-vision.eu\/gb\/wp-json\/wp\/v2\/pages\/876"}],"collection":[{"href":"https:\/\/up-vision.eu\/gb\/wp-json\/wp\/v2\/pages"}],"about":[{"href":"https:\/\/up-vision.eu\/gb\/wp-json\/wp\/v2\/types\/page"}],"author":[{"embeddable":true,"href":"https:\/\/up-vision.eu\/gb\/wp-json\/wp\/v2\/users\/1"}],"replies":[{"embeddable":true,"href":"https:\/\/up-vision.eu\/gb\/wp-json\/wp\/v2\/comments?post=876"}],"version-history":[{"count":10,"href":"https:\/\/up-vision.eu\/gb\/wp-json\/wp\/v2\/pages\/876\/revisions"}],"predecessor-version":[{"id":1068,"href":"https:\/\/up-vision.eu\/gb\/wp-json\/wp\/v2\/pages\/876\/revisions\/1068"}],"wp:attachment":[{"href":"https:\/\/up-vision.eu\/gb\/wp-json\/wp\/v2\/media?parent=876"}],"curies":[{"name":"wp","href":"https:\/\/api.w.org\/{rel}","templated":true}]}}