{"id":907,"date":"2021-02-05T13:12:07","date_gmt":"2021-02-05T13:12:07","guid":{"rendered":"https:\/\/up-vision.eu\/?page_id=907"},"modified":"2021-02-17T17:25:13","modified_gmt":"2021-02-17T17:25:13","slug":"karriere","status":"publish","type":"page","link":"https:\/\/up-vision.eu\/gb\/karriere\/","title":{"rendered":"Career"},"content":{"rendered":"<h2 style=\"text-align: center;\">Aktuelle Stellenangebote<\/h2>\n<p>Wir wollen uns vergr\u00f6\u00dfern und ben\u00f6tigen Verst\u00e4rkung!<\/p>\n<p>Momentan suchen wir:<\/p>\n<ul>\n<li>Leitung Marketing (m\/w\/d), in Vollzeit<\/li>\n<\/ul>\n<p>Das sollten Sie mitbringen:<\/p>\n<ul>\n<li>Abgeschlossenes Studium im Bereich Marketing und\/oder Grafikdesign (oder entsprechende Berufserfahrung)<\/li>\n<li>Interesse an neuen Technologien w\u00e4re von Vorteil<\/li>\n<li>Teamgeist<\/li>\n<li>Kreativit\u00e4t<\/li>\n<li>Erfahrungen im Umgang von Social Media Plattformen<\/li>\n<\/ul>\n<p>Wenn Sie sich die Position zutrauen, schicken Sie uns bitte eine aussagekr\u00e4ftige Bewerbung an:<\/p>\n<p><a href=\"mailto:jobs@up-vision.eu\">jobs@up-vision.eu<\/a><\/p>\n","protected":false},"excerpt":{"rendered":"<p>Aktuelle Stellenangebote Wir wollen uns vergr\u00f6\u00dfern und ben\u00f6tigen Verst\u00e4rkung! Momentan suchen wir: Leitung Marketing (m\/w\/d), in Vollzeit Das sollten Sie mitbringen: Abgeschlossenes Studium im Bereich Marketing und\/oder Grafikdesign (oder entsprechende Berufserfahrung) Interesse an neuen Technologien w\u00e4re von Vorteil Teamgeist Kreativit\u00e4t Erfahrungen im Umgang von Social Media Plattformen Wenn Sie sich die Position zutrauen, schicken Sie uns bitte eine aussagekr\u00e4ftige Bewerbung an: jobs@up-vision.eu<\/p>\n","protected":false},"author":1,"featured_media":0,"parent":0,"menu_order":0,"comment_status":"closed","ping_status":"closed","template":"","meta":{"footnotes":""},"translation":{"provider":"WPGlobus","version":"2.12.2","language":"gb","enabled_languages":["de","gb"],"languages":{"de":{"title":true,"content":true,"excerpt":false},"gb":{"title":true,"content":false,"excerpt":false}}},"_links":{"self":[{"href":"https:\/\/up-vision.eu\/gb\/wp-json\/wp\/v2\/pages\/907"}],"collection":[{"href":"https:\/\/up-vision.eu\/gb\/wp-json\/wp\/v2\/pages"}],"about":[{"href":"https:\/\/up-vision.eu\/gb\/wp-json\/wp\/v2\/types\/page"}],"author":[{"embeddable":true,"href":"https:\/\/up-vision.eu\/gb\/wp-json\/wp\/v2\/users\/1"}],"replies":[{"embeddable":true,"href":"https:\/\/up-vision.eu\/gb\/wp-json\/wp\/v2\/comments?post=907"}],"version-history":[{"count":4,"href":"https:\/\/up-vision.eu\/gb\/wp-json\/wp\/v2\/pages\/907\/revisions"}],"predecessor-version":[{"id":1019,"href":"https:\/\/up-vision.eu\/gb\/wp-json\/wp\/v2\/pages\/907\/revisions\/1019"}],"wp:attachment":[{"href":"https:\/\/up-vision.eu\/gb\/wp-json\/wp\/v2\/media?parent=907"}],"curies":[{"name":"wp","href":"https:\/\/api.w.org\/{rel}","templated":true}]}}